{"id":11863,"date":"2025-10-15T23:58:01","date_gmt":"2025-10-15T23:58:01","guid":{"rendered":"https:\/\/laragrill.es\/unete-al-team\/"},"modified":"2025-10-16T00:02:10","modified_gmt":"2025-10-16T00:02:10","slug":"unete-al-team","status":"publish","type":"page","link":"https:\/\/laragrill.es\/en\/unete-al-team\/","title":{"rendered":"Join the Team"},"content":{"rendered":"\t\t<div data-elementor-type=\"wp-page\" data-elementor-id=\"11863\" class=\"elementor elementor-11863 elementor-612\">\n\t\t\t\t\t\t<section class=\"elementor-section elementor-top-section elementor-element elementor-element-03ef0a3 elementor-section-boxed elementor-section-height-default elementor-section-height-default\" data-id=\"03ef0a3\" data-element_type=\"section\" data-e-type=\"section\">\n\t\t\t\t\t\t<div class=\"elementor-container elementor-column-gap-default\">\n\t\t\t\t\t<div class=\"aux-parallax-section elementor-column elementor-col-50 elementor-top-column elementor-element elementor-element-509f389\" data-id=\"509f389\" data-element_type=\"column\" data-e-type=\"column\">\n\t\t\t<div class=\"elementor-widget-wrap elementor-element-populated\">\n\t\t\t\t\t\t<div class=\"elementor-element elementor-element-43eaac2 aux-appear-watch-animation aux-fade-in-up-1 elementor-widget elementor-widget-aux_modern_heading\" data-id=\"43eaac2\" data-element_type=\"widget\" data-e-type=\"widget\" data-widget_type=\"aux_modern_heading.default\">\n\t\t\t\t<div class=\"elementor-widget-container\">\n\t\t\t\t\t<section class=\"aux-widget-modern-heading\">\n            <div class=\"aux-widget-inner\"><h5 class=\"aux-modern-heading-primary\">JOIN THE LARA GRILL TEAM<\/h5><div class=\"aux-modern-heading-description\"><div class=\"wpb_text_column wpb_content_element \">\n<div class=\"wpb_wrapper\">\n<p>If you are a goal-oriented person looking for professional growth, if you are proactive and want to work in an environment full of good vibes, passion, and teamwork \u2014 this is the place for you!<\/p>\n<p>You will learn firsthand how to prepare and serve the best <strong>Real Food Porn<\/strong> style.<\/p>\n<\/p><\/div>\n<p><\/div>\n<\/div><\/div>\n        <\/section>\t\t\t\t<\/div>\n\t\t\t\t<\/div>\n\t\t\t\t<div class=\"elementor-element elementor-element-59a057b aux-appear-watch-animation aux-fade-in-up-1 elementor-widget elementor-widget-aux_modern_heading\" data-id=\"59a057b\" data-element_type=\"widget\" data-e-type=\"widget\" data-widget_type=\"aux_modern_heading.default\">\n\t\t\t\t<div class=\"elementor-widget-container\">\n\t\t\t\t\t<section class=\"aux-widget-modern-heading\">\n            <div class=\"aux-widget-inner\"><h5 class=\"aux-modern-heading-primary\">Our employer brand \u201cWE ARE AWESOME\u201d is based on the following principles:<\/h5><div class=\"aux-modern-heading-description\"><div class=\"wpb_text_column wpb_content_element \">\n<div class=\"wpb_wrapper\">\n<ol>\n<li>Talent always comes first<\/li>\n<li>Employees are the voice of the company<\/li>\n<\/ol>\n<p>Send us your CV and tell us why you are awesome and want to be part of our family.<\/p>\n<\/p><\/div>\n<p><\/div>\n<\/div><\/div>\n        <\/section>\t\t\t\t<\/div>\n\t\t\t\t<\/div>\n\t\t\t\t\t<\/div>\n\t\t<\/div>\n\t\t\t\t<div class=\"aux-parallax-section elementor-column elementor-col-50 elementor-top-column elementor-element elementor-element-82b9132\" data-id=\"82b9132\" data-element_type=\"column\" data-e-type=\"column\">\n\t\t\t<div class=\"elementor-widget-wrap elementor-element-populated\">\n\t\t\t\t\t\t<div class=\"elementor-element elementor-element-c649a60 aux-appear-watch-animation aux-fade-in-up-1 elementor-widget elementor-widget-aux_contact_form\" data-id=\"c649a60\" data-element_type=\"widget\" data-e-type=\"widget\" data-widget_type=\"aux_contact_form.default\">\n\t\t\t\t<div class=\"elementor-widget-container\">\n\t\t\t\t\t<section class=\"widget-container aux-widget-contact-form aux-parent-au7243429c\">            <div class=\"aux-col-wrapper aux-no-gutter\">\n            <!-- @TODO - The output for element here -->\n\n            \n<div class=\"wpcf7 no-js\" id=\"wpcf7-f9449-o1\" lang=\"es-ES\" dir=\"ltr\" data-wpcf7-id=\"9449\">\n<div class=\"screen-reader-response\"><p role=\"status\" aria-live=\"polite\" aria-atomic=\"true\"><\/p> <ul><\/ul><\/div>\n<form action=\"\/en\/wp-json\/wp\/v2\/pages\/11863#wpcf7-f9449-o1\" method=\"post\" class=\"wpcf7-form init\" aria-label=\"Formulario de contacto\" enctype=\"multipart\/form-data\" novalidate=\"novalidate\" data-status=\"init\">\n<fieldset class=\"hidden-fields-container\"><input type=\"hidden\" name=\"_wpcf7\" value=\"9449\" \/><input type=\"hidden\" name=\"_wpcf7_version\" value=\"6.1.5\" \/><input type=\"hidden\" name=\"_wpcf7_locale\" value=\"es_ES\" \/><input type=\"hidden\" name=\"_wpcf7_unit_tag\" value=\"wpcf7-f9449-o1\" \/><input type=\"hidden\" name=\"_wpcf7_container_post\" value=\"0\" \/><input type=\"hidden\" name=\"_wpcf7_posted_data_hash\" value=\"\" \/>\n<\/fieldset>\n<p><label> Name &amp; Last name*<br \/>\n<span class=\"wpcf7-form-control-wrap\" data-name=\"your-name\"><input size=\"40\" maxlength=\"400\" class=\"wpcf7-form-control wpcf7-text wpcf7-validates-as-required\" aria-required=\"true\" aria-invalid=\"false\" value=\"\" type=\"text\" name=\"your-name\" \/><\/span> <\/label>\n<\/p>\n<p><label> Email*<br \/>\n<span class=\"wpcf7-form-control-wrap\" data-name=\"your-email\"><input size=\"40\" maxlength=\"400\" class=\"wpcf7-form-control wpcf7-email wpcf7-validates-as-required wpcf7-text wpcf7-validates-as-email\" aria-required=\"true\" aria-invalid=\"false\" value=\"\" type=\"email\" name=\"your-email\" \/><\/span> <\/label>\n<\/p>\n<p><label> NID number*<br \/>\n<span class=\"wpcf7-form-control-wrap\" data-name=\"NIF\"><input size=\"40\" maxlength=\"400\" class=\"wpcf7-form-control wpcf7-text wpcf7-validates-as-required\" aria-required=\"true\" aria-invalid=\"false\" value=\"\" type=\"text\" name=\"NIF\" \/><\/span><\/label>\n<\/p>\n<p><label> Date of birth*<br \/>\n<span class=\"wpcf7-form-control-wrap\" data-name=\"nacimiento\"><input class=\"wpcf7-form-control wpcf7-date wpcf7-validates-as-required wpcf7-validates-as-date\" aria-required=\"true\" aria-invalid=\"false\" value=\"\" type=\"date\" name=\"nacimiento\" \/><\/span><\/label>\n<\/p>\n<p><label> City of residence*<\/label><br \/>\n<span class=\"wpcf7-form-control-wrap\" data-name=\"Residencia\"><select class=\"wpcf7-form-control wpcf7-select\" aria-invalid=\"false\" name=\"Residencia\"><option value=\"\">&#8212;Por favor, elige una opci\u00f3n&#8212;<\/option><option value=\"Barcelona\">Barcelona<\/option><option value=\"Madrid\">Madrid<\/option><\/select><\/span>\n<\/p>\n<p><label>In which area of work do you prefer to work?*<\/label><br \/>\n<span class=\"wpcf7-form-control-wrap\" data-name=\"areatrabajo\"><select class=\"wpcf7-form-control wpcf7-select\" aria-invalid=\"false\" name=\"areatrabajo\"><option value=\"\">&#8212;Por favor, elige una opci\u00f3n&#8212;<\/option><option value=\"Sala - Camarero\">Sala - Camarero<\/option><option value=\"Cocina \u2013 Cocinero\">Cocina \u2013 Cocinero<\/option><\/select><\/span>\n<\/p>\n<p><label>What languages do you speak other than Spanish? Indicate your spoken proficiency at intermediate - advanced level* (Select using control and click on languages)<\/label><br \/>\n<span class=\"wpcf7-form-control-wrap\" data-name=\"idiomatrabajo\"><select class=\"wpcf7-form-control wpcf7-select wpcf7-validates-as-required\" aria-required=\"true\" aria-invalid=\"false\" multiple=\"multiple\" name=\"idiomatrabajo[]\"><option value=\"Ingl\u00e9s\">Ingl\u00e9s<\/option><option value=\"Portugu\u00e9s\">Portugu\u00e9s<\/option><option value=\"Italiano\">Italiano<\/option><option value=\"Franc\u00e9s\">Franc\u00e9s<\/option><\/select><\/span>\n<\/p>\n<p><label>Indicate your legal status in Spain*<\/label><br \/>\n<span class=\"wpcf7-form-control-wrap\" data-name=\"status\"><select class=\"wpcf7-form-control wpcf7-select\" aria-invalid=\"false\" name=\"status\"><option value=\"\">&#8212;Por favor, elige una opci\u00f3n&#8212;<\/option><option value=\"Ciudadano Espa\u00f1ol\">Ciudadano Espa\u00f1ol<\/option><option value=\"Ciudadano comunitario\">Ciudadano comunitario<\/option><option value=\"Extranjero con permiso de trabajo\">Extranjero con permiso de trabajo<\/option><option value=\"Extranjero con visa de estudios\">Extranjero con visa de estudios<\/option><option value=\"Otros\">Otros<\/option><\/select><\/span>\n<\/p>\n<p><label>Indicate your studies or professional training courses*<br \/>\n<span class=\"wpcf7-form-control-wrap\" data-name=\"estudios\"><input size=\"40\" maxlength=\"400\" class=\"wpcf7-form-control wpcf7-text wpcf7-validates-as-required\" aria-required=\"true\" aria-invalid=\"false\" value=\"\" type=\"text\" name=\"estudios\" \/><\/span><\/label>\n<\/p>\n<p><label>Indicate your last work experience in an area similar to the one you are applying for*<br \/>\n<span class=\"wpcf7-form-control-wrap\" data-name=\"ultimaexperiencia\"><textarea cols=\"40\" rows=\"10\" maxlength=\"2000\" class=\"wpcf7-form-control wpcf7-textarea wpcf7-validates-as-required\" aria-required=\"true\" aria-invalid=\"false\" name=\"ultimaexperiencia\"><\/textarea><\/span><\/label>\n<\/p>\n<p><label>What motivates you to work at Lara Grill? Why do you want to work at Lara Grill?*<br \/>\n<span class=\"wpcf7-form-control-wrap\" data-name=\"motivacion\"><textarea cols=\"40\" rows=\"10\" maxlength=\"2000\" class=\"wpcf7-form-control wpcf7-textarea wpcf7-validates-as-required\" aria-required=\"true\" aria-invalid=\"false\" name=\"motivacion\"><\/textarea><\/span><\/label>\n<\/p>\n<p><label>Upload your CV (doc,pdf)*<br \/>\n<span class=\"wpcf7-form-control-wrap\" data-name=\"cv\"><input size=\"40\" class=\"wpcf7-form-control wpcf7-file wpcf7-validates-as-required\" accept=\".pdf,.doc,.docx\" aria-required=\"true\" aria-invalid=\"false\" type=\"file\" name=\"cv\" \/><\/span><br \/>\n<\/label>\n<\/p>\n<div class=\"privacidadtrabajo\">\n\t<p><b>*Required fields<\/b>\n\t<\/p>\n\t<p>If you cannot upload your CV, please attached it to <a href=\"mailto:rrhh@laragrill.es\">rrhh@laragrill.es<\/a>\n\t<\/p>\n\t<p>De conformidad con lo dispuesto en el Reglamento (UE) 2016\/679 de 27 de abril de 2016 (GDPR) de Protecci\u00f3n de Datos de car\u00e1cter Personal INVERSIONES LARA GRILL, S.L. domiciliado en la calle Santa Engracia 87, Madrid, le informa que los datos que nos ha proporcionado formar\u00e1n parte de un fichero de datos de car\u00e1cter personal, responsabilidad de dicha entidad, con la finalidad de gestionar las comunicaciones que pudiera mantener con el personal de la misma. En el supuesto de que desee ejercitar los derechos que le asisten de acceso, rectificaci\u00f3n, cancelaci\u00f3n y oposici\u00f3n dirija una comunicaci\u00f3n por escrito a INVERSIONES LARA GRILL, S.L. a la direcci\u00f3n indicada anteriormente incluyendo copia de su Documento Nacional de Identidad o documento identificativo equivalente o a trav\u00e9s de un mensaje de correo electr\u00f3nico a la direcci\u00f3n contacto@laragrill.es\n\t<\/p>\n<\/div>\n<p><span class=\"wpcf7-form-control-wrap\" data-name=\"aceptacionpolitica\"><span class=\"wpcf7-form-control wpcf7-checkbox wpcf7-validates-as-required\"><span class=\"wpcf7-list-item first last\"><input type=\"checkbox\" name=\"aceptacionpolitica[]\" value=\"I accept the\" \/><span class=\"wpcf7-list-item-label\">I accept the<\/span><\/span><\/span><\/span><a class=\"policontact\" href=\"https:\/\/laragrill.es\/politica-de-privacidad\">privacy policy<\/a>\n<\/p>\n<p><div id=\"cf7sr-6a0475eb89506\" class=\"cf7sr-g-recaptcha\" data-theme=\"light\" data-type=\"image\" data-size=\"normal\" data-sitekey=\"6Leck_oUAAAAAFNuaM0SH1b1arPNwPWaD6OVb4LA\"><\/div><span class=\"wpcf7-form-control-wrap cf7sr-recaptcha\" data-name=\"cf7sr-recaptcha\"><input type=\"hidden\" name=\"cf7sr-recaptcha\" value=\"\" class=\"wpcf7-form-control\"><\/span>\n<\/p>\n<p><input class=\"wpcf7-form-control wpcf7-submit has-spinner\" type=\"submit\" value=\"Submit\" \/>\n<\/p><div class=\"wpcf7-response-output\" aria-hidden=\"true\"><\/div>\n<\/form>\n<\/div>\n\n\n            <\/div><!-- aux-col-wrapper -->\n    <\/section><!-- widget-container -->\t\t\t\t<\/div>\n\t\t\t\t<\/div>\n\t\t\t\t\t<\/div>\n\t\t<\/div>\n\t\t\t\t\t<\/div>\n\t\t<\/section>\n\t\t\t\t<\/div>\n\t\t","protected":false},"excerpt":{"rendered":"<p>JOIN THE LARA GRILL TEAM If you are a goal-oriented person looking for professional growth, if you are proactive and want to work in an environment full of good vibes, passion, and teamwork \u2014 this is the place for you! You will learn firsthand how to prepare and serve the best Real Food Porn style. [&hellip;]<\/p>\n","protected":false},"author":7,"featured_media":0,"parent":0,"menu_order":0,"comment_status":"closed","ping_status":"closed","template":"","meta":{"footnotes":""},"class_list":["post-11863","page","type-page","status-publish","hentry"],"yoast_head":"<!-- This site is optimized with the Yoast SEO plugin v27.3 - https:\/\/yoast.com\/product\/yoast-seo-wordpress\/ -->\n<title>Join the Team - Lara Grill - Las mejores burgers y pepitos de Barcelona<\/title>\n<meta name=\"description\" content=\"Join the team: If you have a good vibe, are fun but also responsible, and enjoy working with the public, this is the place for you!\" \/>\n<meta name=\"robots\" content=\"index, follow, max-snippet:-1, max-image-preview:large, max-video-preview:-1\" \/>\n<link rel=\"canonical\" href=\"https:\/\/laragrill.es\/en\/unete-al-team\/\" \/>\n<meta property=\"og:locale\" content=\"en_US\" \/>\n<meta property=\"og:type\" content=\"article\" \/>\n<meta property=\"og:title\" content=\"Join the Team - Lara Grill - Las mejores burgers y pepitos de Barcelona\" \/>\n<meta property=\"og:description\" content=\"Join the team: If you have a good vibe, are fun but also responsible, and enjoy working with the public, this is the place for you!\" \/>\n<meta property=\"og:url\" content=\"https:\/\/laragrill.es\/en\/unete-al-team\/\" \/>\n<meta property=\"og:site_name\" content=\"Lara Grill - Las mejores burgers y pepitos de Barcelona\" \/>\n<meta property=\"article:modified_time\" content=\"2025-10-16T00:02:10+00:00\" \/>\n<meta name=\"twitter:card\" content=\"summary_large_image\" \/>\n<meta name=\"twitter:label1\" content=\"Est. reading time\" \/>\n\t<meta name=\"twitter:data1\" content=\"2 minutes\" \/>\n<script type=\"application\/ld+json\" class=\"yoast-schema-graph\">{\"@context\":\"https:\\\/\\\/schema.org\",\"@graph\":[{\"@type\":\"WebPage\",\"@id\":\"https:\\\/\\\/laragrill.es\\\/en\\\/unete-al-team\\\/\",\"url\":\"https:\\\/\\\/laragrill.es\\\/en\\\/unete-al-team\\\/\",\"name\":\"Join the Team - Lara Grill - Las mejores burgers y pepitos de Barcelona\",\"isPartOf\":{\"@id\":\"https:\\\/\\\/laragrill.es\\\/en\\\/#website\"},\"datePublished\":\"2025-10-15T23:58:01+00:00\",\"dateModified\":\"2025-10-16T00:02:10+00:00\",\"description\":\"Join the team: If you have a good vibe, are fun but also responsible, and enjoy working with the public, this is the place for you!\",\"breadcrumb\":{\"@id\":\"https:\\\/\\\/laragrill.es\\\/en\\\/unete-al-team\\\/#breadcrumb\"},\"inLanguage\":\"en-US\",\"potentialAction\":[{\"@type\":\"ReadAction\",\"target\":[\"https:\\\/\\\/laragrill.es\\\/en\\\/unete-al-team\\\/\"]}]},{\"@type\":\"BreadcrumbList\",\"@id\":\"https:\\\/\\\/laragrill.es\\\/en\\\/unete-al-team\\\/#breadcrumb\",\"itemListElement\":[{\"@type\":\"ListItem\",\"position\":1,\"name\":\"Portada\",\"item\":\"https:\\\/\\\/laragrill.es\\\/en\\\/\"},{\"@type\":\"ListItem\",\"position\":2,\"name\":\"Join the Team\"}]},{\"@type\":\"WebSite\",\"@id\":\"https:\\\/\\\/laragrill.es\\\/en\\\/#website\",\"url\":\"https:\\\/\\\/laragrill.es\\\/en\\\/\",\"name\":\"Lara Grill - Las mejores burgers y pepitos de Barcelona\",\"description\":\"Comida callejera con un toque gourmet. Los mejores pepitos, batidos y burgers de toda Barcelona. Tenemos la mejor comida food porn de la ciudad.\",\"publisher\":{\"@id\":\"https:\\\/\\\/laragrill.es\\\/en\\\/#organization\"},\"potentialAction\":[{\"@type\":\"SearchAction\",\"target\":{\"@type\":\"EntryPoint\",\"urlTemplate\":\"https:\\\/\\\/laragrill.es\\\/en\\\/?s={search_term_string}\"},\"query-input\":{\"@type\":\"PropertyValueSpecification\",\"valueRequired\":true,\"valueName\":\"search_term_string\"}}],\"inLanguage\":\"en-US\"},{\"@type\":\"Organization\",\"@id\":\"https:\\\/\\\/laragrill.es\\\/en\\\/#organization\",\"name\":\"Lara Grill - Las mejores burgers y pepitos de Barcelona\",\"url\":\"https:\\\/\\\/laragrill.es\\\/en\\\/\",\"logo\":{\"@type\":\"ImageObject\",\"inLanguage\":\"en-US\",\"@id\":\"https:\\\/\\\/laragrill.es\\\/en\\\/#\\\/schema\\\/logo\\\/image\\\/\",\"url\":\"https:\\\/\\\/laragrill.es\\\/wp-content\\\/uploads\\\/2026\\\/03\\\/Logo-laragrill-web.svg\",\"contentUrl\":\"https:\\\/\\\/laragrill.es\\\/wp-content\\\/uploads\\\/2026\\\/03\\\/Logo-laragrill-web.svg\",\"width\":287,\"height\":42,\"caption\":\"Lara Grill - Las mejores burgers y pepitos de Barcelona\"},\"image\":{\"@id\":\"https:\\\/\\\/laragrill.es\\\/en\\\/#\\\/schema\\\/logo\\\/image\\\/\"}}]}<\/script>\n<!-- \/ Yoast SEO plugin. -->","yoast_head_json":{"title":"Join the Team - Lara Grill - Las mejores burgers y pepitos de Barcelona","description":"Join the team: If you have a good vibe, are fun but also responsible, and enjoy working with the public, this is the place for you!","robots":{"index":"index","follow":"follow","max-snippet":"max-snippet:-1","max-image-preview":"max-image-preview:large","max-video-preview":"max-video-preview:-1"},"canonical":"https:\/\/laragrill.es\/en\/unete-al-team\/","og_locale":"en_US","og_type":"article","og_title":"Join the Team - Lara Grill - Las mejores burgers y pepitos de Barcelona","og_description":"Join the team: If you have a good vibe, are fun but also responsible, and enjoy working with the public, this is the place for you!","og_url":"https:\/\/laragrill.es\/en\/unete-al-team\/","og_site_name":"Lara Grill - Las mejores burgers y pepitos de Barcelona","article_modified_time":"2025-10-16T00:02:10+00:00","twitter_card":"summary_large_image","twitter_misc":{"Est. reading time":"2 minutes"},"schema":{"@context":"https:\/\/schema.org","@graph":[{"@type":"WebPage","@id":"https:\/\/laragrill.es\/en\/unete-al-team\/","url":"https:\/\/laragrill.es\/en\/unete-al-team\/","name":"Join the Team - Lara Grill - Las mejores burgers y pepitos de Barcelona","isPartOf":{"@id":"https:\/\/laragrill.es\/en\/#website"},"datePublished":"2025-10-15T23:58:01+00:00","dateModified":"2025-10-16T00:02:10+00:00","description":"Join the team: If you have a good vibe, are fun but also responsible, and enjoy working with the public, this is the place for you!","breadcrumb":{"@id":"https:\/\/laragrill.es\/en\/unete-al-team\/#breadcrumb"},"inLanguage":"en-US","potentialAction":[{"@type":"ReadAction","target":["https:\/\/laragrill.es\/en\/unete-al-team\/"]}]},{"@type":"BreadcrumbList","@id":"https:\/\/laragrill.es\/en\/unete-al-team\/#breadcrumb","itemListElement":[{"@type":"ListItem","position":1,"name":"Portada","item":"https:\/\/laragrill.es\/en\/"},{"@type":"ListItem","position":2,"name":"Join the Team"}]},{"@type":"WebSite","@id":"https:\/\/laragrill.es\/en\/#website","url":"https:\/\/laragrill.es\/en\/","name":"Lara Grill - Las mejores burgers y pepitos de Barcelona","description":"Comida callejera con un toque gourmet. Los mejores pepitos, batidos y burgers de toda Barcelona. Tenemos la mejor comida food porn de la ciudad.","publisher":{"@id":"https:\/\/laragrill.es\/en\/#organization"},"potentialAction":[{"@type":"SearchAction","target":{"@type":"EntryPoint","urlTemplate":"https:\/\/laragrill.es\/en\/?s={search_term_string}"},"query-input":{"@type":"PropertyValueSpecification","valueRequired":true,"valueName":"search_term_string"}}],"inLanguage":"en-US"},{"@type":"Organization","@id":"https:\/\/laragrill.es\/en\/#organization","name":"Lara Grill - Las mejores burgers y pepitos de Barcelona","url":"https:\/\/laragrill.es\/en\/","logo":{"@type":"ImageObject","inLanguage":"en-US","@id":"https:\/\/laragrill.es\/en\/#\/schema\/logo\/image\/","url":"https:\/\/laragrill.es\/wp-content\/uploads\/2026\/03\/Logo-laragrill-web.svg","contentUrl":"https:\/\/laragrill.es\/wp-content\/uploads\/2026\/03\/Logo-laragrill-web.svg","width":287,"height":42,"caption":"Lara Grill - Las mejores burgers y pepitos de Barcelona"},"image":{"@id":"https:\/\/laragrill.es\/en\/#\/schema\/logo\/image\/"}}]}},"_links":{"self":[{"href":"https:\/\/laragrill.es\/en\/wp-json\/wp\/v2\/pages\/11863","targetHints":{"allow":["GET"]}}],"collection":[{"href":"https:\/\/laragrill.es\/en\/wp-json\/wp\/v2\/pages"}],"about":[{"href":"https:\/\/laragrill.es\/en\/wp-json\/wp\/v2\/types\/page"}],"author":[{"embeddable":true,"href":"https:\/\/laragrill.es\/en\/wp-json\/wp\/v2\/users\/7"}],"replies":[{"embeddable":true,"href":"https:\/\/laragrill.es\/en\/wp-json\/wp\/v2\/comments?post=11863"}],"version-history":[{"count":5,"href":"https:\/\/laragrill.es\/en\/wp-json\/wp\/v2\/pages\/11863\/revisions"}],"predecessor-version":[{"id":11872,"href":"https:\/\/laragrill.es\/en\/wp-json\/wp\/v2\/pages\/11863\/revisions\/11872"}],"wp:attachment":[{"href":"https:\/\/laragrill.es\/en\/wp-json\/wp\/v2\/media?parent=11863"}],"curies":[{"name":"wp","href":"https:\/\/api.w.org\/{rel}","templated":true}]}}