{"id":11860,"date":"2025-10-15T23:54:29","date_gmt":"2025-10-15T23:54:29","guid":{"rendered":"https:\/\/laragrill.es\/unete-al-team\/"},"modified":"2025-10-16T00:01:53","modified_gmt":"2025-10-16T00:01:53","slug":"unete-al-team","status":"publish","type":"page","link":"https:\/\/laragrill.es\/ca\/unete-al-team\/","title":{"rendered":"Uneix-te a l\u2019equip"},"content":{"rendered":"\t\t<div data-elementor-type=\"wp-page\" data-elementor-id=\"11860\" class=\"elementor elementor-11860 elementor-612\">\n\t\t\t\t\t\t<section class=\"elementor-section elementor-top-section elementor-element elementor-element-03ef0a3 elementor-section-boxed elementor-section-height-default elementor-section-height-default\" data-id=\"03ef0a3\" data-element_type=\"section\" data-e-type=\"section\">\n\t\t\t\t\t\t<div class=\"elementor-container elementor-column-gap-default\">\n\t\t\t\t\t<div class=\"aux-parallax-section elementor-column elementor-col-50 elementor-top-column elementor-element elementor-element-509f389\" data-id=\"509f389\" data-element_type=\"column\" data-e-type=\"column\">\n\t\t\t<div class=\"elementor-widget-wrap elementor-element-populated\">\n\t\t\t\t\t\t<div class=\"elementor-element elementor-element-43eaac2 aux-appear-watch-animation aux-fade-in-up-1 elementor-widget elementor-widget-aux_modern_heading\" data-id=\"43eaac2\" data-element_type=\"widget\" data-e-type=\"widget\" data-widget_type=\"aux_modern_heading.default\">\n\t\t\t\t<div class=\"elementor-widget-container\">\n\t\t\t\t\t<section class=\"aux-widget-modern-heading\">\n            <div class=\"aux-widget-inner\"><h5 class=\"aux-modern-heading-primary\">UNEIX-TE A L\u2019EQUIP DE LARA GRILL<\/h5><div class=\"aux-modern-heading-description\"><div class=\"wpb_text_column wpb_content_element \">\n<div class=\"wpb_wrapper\">\n<p>Si ets una persona orientada a l\u2019assoliment que busca creixement professional, si ets proactiu i si desitges treballar en un ambient amb molt bon rotllo, passi\u00f3 i treball en equip, aquest \u00e9s el teu lloc!<\/p>\n<p>Coneixer\u00e0s de primera m\u00e0 com preparar i servir el millor estil <strong>Real Food Porn<\/strong>.<\/p>\n<\/p><\/div>\n<p><\/div>\n<\/div><\/div>\n        <\/section>\t\t\t\t<\/div>\n\t\t\t\t<\/div>\n\t\t\t\t<div class=\"elementor-element elementor-element-59a057b aux-appear-watch-animation aux-fade-in-up-1 elementor-widget elementor-widget-aux_modern_heading\" data-id=\"59a057b\" data-element_type=\"widget\" data-e-type=\"widget\" data-widget_type=\"aux_modern_heading.default\">\n\t\t\t\t<div class=\"elementor-widget-container\">\n\t\t\t\t\t<section class=\"aux-widget-modern-heading\">\n            <div class=\"aux-widget-inner\"><h5 class=\"aux-modern-heading-primary\">La nostra marca ocupadora \u201cSOM LA H\u00d2STIA\u201d es basa en les premisses seg\u00fcents:<\/h5><div class=\"aux-modern-heading-description\"><div class=\"wpb_text_column wpb_content_element \">\n<div class=\"wpb_wrapper\">\n<ol>\n<li>El talent sempre primer<\/li>\n<li>Els treballadors s\u00f3n la veu de l\u2019empresa<\/li>\n<\/ol>\n<p>Envia\u2019ns el teu CV i digues-nos per qu\u00e8 ets la h\u00f2stia i vols formar part de la nostra fam\u00edlia.<\/p>\n<\/p><\/div>\n<p><\/div>\n<\/div><\/div>\n        <\/section>\t\t\t\t<\/div>\n\t\t\t\t<\/div>\n\t\t\t\t\t<\/div>\n\t\t<\/div>\n\t\t\t\t<div class=\"aux-parallax-section elementor-column elementor-col-50 elementor-top-column elementor-element elementor-element-82b9132\" data-id=\"82b9132\" data-element_type=\"column\" data-e-type=\"column\">\n\t\t\t<div class=\"elementor-widget-wrap elementor-element-populated\">\n\t\t\t\t\t\t<div class=\"elementor-element elementor-element-c649a60 aux-appear-watch-animation aux-fade-in-up-1 elementor-widget elementor-widget-aux_contact_form\" data-id=\"c649a60\" data-element_type=\"widget\" data-e-type=\"widget\" data-widget_type=\"aux_contact_form.default\">\n\t\t\t\t<div class=\"elementor-widget-container\">\n\t\t\t\t\t<section class=\"widget-container aux-widget-contact-form aux-parent-au5ebf844b\">            <div class=\"aux-col-wrapper aux-no-gutter\">\n            <!-- @TODO - The output for element here -->\n\n            \n<div class=\"wpcf7 no-js\" id=\"wpcf7-f11856-o1\" lang=\"es-ES\" dir=\"ltr\" data-wpcf7-id=\"11856\">\n<div class=\"screen-reader-response\"><p role=\"status\" aria-live=\"polite\" aria-atomic=\"true\"><\/p> <ul><\/ul><\/div>\n<form action=\"\/ca\/wp-json\/wp\/v2\/pages\/11860#wpcf7-f11856-o1\" method=\"post\" class=\"wpcf7-form init\" aria-label=\"Formulario de contacto\" enctype=\"multipart\/form-data\" novalidate=\"novalidate\" data-status=\"init\">\n<fieldset class=\"hidden-fields-container\"><input type=\"hidden\" name=\"_wpcf7\" value=\"11856\" \/><input type=\"hidden\" name=\"_wpcf7_version\" value=\"6.1.5\" \/><input type=\"hidden\" name=\"_wpcf7_locale\" value=\"es_ES\" \/><input type=\"hidden\" name=\"_wpcf7_unit_tag\" value=\"wpcf7-f11856-o1\" \/><input type=\"hidden\" name=\"_wpcf7_container_post\" value=\"0\" \/><input type=\"hidden\" name=\"_wpcf7_posted_data_hash\" value=\"\" \/>\n<\/fieldset>\n<p><label> Nom i cognoms*<br \/>\n<span class=\"wpcf7-form-control-wrap\" data-name=\"your-name\"><input size=\"40\" maxlength=\"400\" class=\"wpcf7-form-control wpcf7-text wpcf7-validates-as-required\" aria-required=\"true\" aria-invalid=\"false\" value=\"\" type=\"text\" name=\"your-name\" \/><\/span> <\/label>\n<\/p>\n<p><label> Correu electr\u00f2nic*<br \/>\n<span class=\"wpcf7-form-control-wrap\" data-name=\"your-email\"><input size=\"40\" maxlength=\"400\" class=\"wpcf7-form-control wpcf7-email wpcf7-validates-as-required wpcf7-text wpcf7-validates-as-email\" aria-required=\"true\" aria-invalid=\"false\" value=\"\" type=\"email\" name=\"your-email\" \/><\/span> <\/label>\n<\/p>\n<p><label> N\u00famero de NIF*<br \/>\n<span class=\"wpcf7-form-control-wrap\" data-name=\"NIF\"><input size=\"40\" maxlength=\"400\" class=\"wpcf7-form-control wpcf7-text wpcf7-validates-as-required\" aria-required=\"true\" aria-invalid=\"false\" value=\"\" type=\"text\" name=\"NIF\" \/><\/span><\/label>\n<\/p>\n<p><label> Data de naixement*<br \/>\n<span class=\"wpcf7-form-control-wrap\" data-name=\"nacimiento\"><input class=\"wpcf7-form-control wpcf7-date wpcf7-validates-as-required wpcf7-validates-as-date\" aria-required=\"true\" aria-invalid=\"false\" value=\"\" type=\"date\" name=\"nacimiento\" \/><\/span><\/label>\n<\/p>\n<p><label> Ciutat de resid\u00e8ncia*<\/label><br \/>\n<span class=\"wpcf7-form-control-wrap\" data-name=\"Residencia\"><select class=\"wpcf7-form-control wpcf7-select\" aria-invalid=\"false\" name=\"Residencia\"><option value=\"\">&#8212;Por favor, elige una opci\u00f3n&#8212;<\/option><option value=\"Barcelona\">Barcelona<\/option><option value=\"Madrid\">Madrid<\/option><\/select><\/span>\n<\/p>\n<p><label>En quina \u00e0rea de treball prefereixes treballar?*<\/label><br \/>\n<span class=\"wpcf7-form-control-wrap\" data-name=\"areatrabajo\"><select class=\"wpcf7-form-control wpcf7-select\" aria-invalid=\"false\" name=\"areatrabajo\"><option value=\"\">&#8212;Por favor, elige una opci\u00f3n&#8212;<\/option><option value=\"Sala \u2013 Cambrer\">Sala \u2013 Cambrer<\/option><option value=\"Cuina \u2013 Cuiner\">Cuina \u2013 Cuiner<\/option><\/select><\/span>\n<\/p>\n<p><label>Quines lleng\u00fces parles a m\u00e9s del castell\u00e0? Indica el teu nivell de parla entre intermedi i avan\u00e7at* (Selecciona amb Control i fes clic sobre els idiomes)<\/label><br \/>\n<span class=\"wpcf7-form-control-wrap\" data-name=\"idiomatrabajo\"><select class=\"wpcf7-form-control wpcf7-select wpcf7-validates-as-required\" aria-required=\"true\" aria-invalid=\"false\" multiple=\"multiple\" name=\"idiomatrabajo[]\"><option value=\"Angl\u00e8s\">Angl\u00e8s<\/option><option value=\"Portugu\u00e8s\">Portugu\u00e8s<\/option><option value=\"Itali\u00e0\">Itali\u00e0<\/option><option value=\"Franc\u00e8s\">Franc\u00e8s<\/option><\/select><\/span>\n<\/p>\n<p><label>Indica la teva situaci\u00f3 legal a Espanya*<\/label><br \/>\n<span class=\"wpcf7-form-control-wrap\" data-name=\"status\"><select class=\"wpcf7-form-control wpcf7-select\" aria-invalid=\"false\" name=\"status\"><option value=\"\">&#8212;Por favor, elige una opci\u00f3n&#8212;<\/option><option value=\"Ciutad\u00e0 espanyol\">Ciutad\u00e0 espanyol<\/option><option value=\"Ciutad\u00e0 comunitari\">Ciutad\u00e0 comunitari<\/option><option value=\"Estranger amb perm\u00eds de treball\">Estranger amb perm\u00eds de treball<\/option><option value=\"Estranger amb visat d&#039;estudis\">Estranger amb visat d&#039;estudis<\/option><option value=\"Altres\">Altres<\/option><\/select><\/span>\n<\/p>\n<p><label>Indica els teus estudis o cursos de formaci\u00f3 professional*<br \/>\n<span class=\"wpcf7-form-control-wrap\" data-name=\"estudios\"><input size=\"40\" maxlength=\"400\" class=\"wpcf7-form-control wpcf7-text wpcf7-validates-as-required\" aria-required=\"true\" aria-invalid=\"false\" value=\"\" type=\"text\" name=\"estudios\" \/><\/span><\/label>\n<\/p>\n<p><label>Indica la teva darrera experi\u00e8ncia laboral en un \u00e0mbit similar al que et presentes*<br \/>\n<span class=\"wpcf7-form-control-wrap\" data-name=\"ultimaexperiencia\"><textarea cols=\"40\" rows=\"10\" maxlength=\"2000\" class=\"wpcf7-form-control wpcf7-textarea wpcf7-validates-as-required\" aria-required=\"true\" aria-invalid=\"false\" name=\"ultimaexperiencia\"><\/textarea><\/span><\/label>\n<\/p>\n<p><label>Qu\u00e8 et motiva a treballar a Lara Grill? Per qu\u00e8 vols treballar a Lara Grill?*<br \/>\n<span class=\"wpcf7-form-control-wrap\" data-name=\"motivacion\"><textarea cols=\"40\" rows=\"10\" maxlength=\"2000\" class=\"wpcf7-form-control wpcf7-textarea wpcf7-validates-as-required\" aria-required=\"true\" aria-invalid=\"false\" name=\"motivacion\"><\/textarea><\/span><\/label>\n<\/p>\n<p><label>Adjunta el teu CV (doc, pdf)*<br \/>\n<span class=\"wpcf7-form-control-wrap\" data-name=\"cv\"><input size=\"40\" class=\"wpcf7-form-control wpcf7-file wpcf7-validates-as-required\" accept=\".pdf,.doc,.docx\" aria-required=\"true\" aria-invalid=\"false\" type=\"file\" name=\"cv\" \/><\/span><br \/>\n<\/label>\n<\/p>\n<div class=\"privacidadtrabajo\">\n\t<p><b>*Camps obligatoris<\/b>\n\t<\/p>\n\t<p>Si no pots pujar el teu CV, adjunta'l a <a href=\"mailto:rrhh@laragrill.es\">rrhh@laragrill.es<\/a>\n\t<\/p>\n\t<p>D'acord amb el que disposa el Reglament (UE) 2016\/679 de 27 d\u2019abril de 2016 (RGPD) de protecci\u00f3 de dades de car\u00e0cter personal, INVERSIONES LARA GRILL, S.L., amb domicili al carrer Santa Engracia 87, Madrid, l\u2019informa que les dades que ens heu proporcionat formaran part d\u2019un fitxer de dades de car\u00e0cter personal, responsabilitat d\u2019aquesta entitat, amb la finalitat de gestionar les comunicacions que pugui mantenir amb el seu personal. En el sup\u00f2sit que desitgeu exercir els drets que us assisteixen d\u2019acc\u00e9s, rectificaci\u00f3, cancel\u00b7laci\u00f3 i oposici\u00f3, adreceu una comunicaci\u00f3 per escrit a INVERSIONES LARA GRILL, S.L. a l\u2019adre\u00e7a indicada anteriorment, incloent-hi una c\u00f2pia del vostre Document Nacional d\u2019Identitat o document identificatiu equivalent, o b\u00e9 mitjan\u00e7ant un missatge de correu electr\u00f2nic a l\u2019adre\u00e7a contacto@laragrill.es\n\t<\/p>\n<\/div>\n<p><span class=\"wpcf7-form-control-wrap\" data-name=\"aceptacionpolitica\"><span class=\"wpcf7-form-control wpcf7-checkbox wpcf7-validates-as-required\"><span class=\"wpcf7-list-item first last\"><input type=\"checkbox\" name=\"aceptacionpolitica[]\" value=\"Accepto la\" \/><span class=\"wpcf7-list-item-label\">Accepto la<\/span><\/span><\/span><\/span><a class=\"policontact\" href=\"https:\/\/laragrill.es\/politica-de-privacidad\">pol\u00edtica de privadesa<\/a>\n<\/p>\n<p><div id=\"cf7sr-69e5a63579272\" class=\"cf7sr-g-recaptcha\" data-theme=\"light\" data-type=\"image\" data-size=\"normal\" data-sitekey=\"6Leck_oUAAAAAFNuaM0SH1b1arPNwPWaD6OVb4LA\"><\/div><span class=\"wpcf7-form-control-wrap cf7sr-recaptcha\" data-name=\"cf7sr-recaptcha\"><input type=\"hidden\" name=\"cf7sr-recaptcha\" value=\"\" class=\"wpcf7-form-control\"><\/span>\n<\/p>\n<p><input class=\"wpcf7-form-control wpcf7-submit has-spinner\" type=\"submit\" value=\"Enviar\" \/>\n<\/p><div class=\"wpcf7-response-output\" aria-hidden=\"true\"><\/div>\n<\/form>\n<\/div>\n\n\n            <\/div><!-- aux-col-wrapper -->\n    <\/section><!-- widget-container -->\t\t\t\t<\/div>\n\t\t\t\t<\/div>\n\t\t\t\t\t<\/div>\n\t\t<\/div>\n\t\t\t\t\t<\/div>\n\t\t<\/section>\n\t\t\t\t<\/div>\n\t\t","protected":false},"excerpt":{"rendered":"<p>UNEIX-TE A L\u2019EQUIP DE LARA GRILL Si ets una persona orientada a l\u2019assoliment que busca creixement professional, si ets proactiu i si desitges treballar en un ambient amb molt bon rotllo, passi\u00f3 i treball en equip, aquest \u00e9s el teu lloc! Coneixer\u00e0s de primera m\u00e0 com preparar i servir el millor estil Real Food Porn. [&hellip;]<\/p>\n","protected":false},"author":7,"featured_media":0,"parent":0,"menu_order":0,"comment_status":"closed","ping_status":"closed","template":"","meta":{"footnotes":""},"class_list":["post-11860","page","type-page","status-publish","hentry"],"yoast_head":"<!-- This site is optimized with the Yoast SEO plugin v27.3 - https:\/\/yoast.com\/product\/yoast-seo-wordpress\/ -->\n<title>Uneix-te a l\u2019equip - Lara Grill - Las mejores burgers y pepitos de Barcelona<\/title>\n<meta name=\"description\" content=\"Uneix-te a l\u2019equip: si tens bon rotllo, ets divertit per\u00f2 alhora responsable i t\u2019agrada treballar de cara al p\u00fablic, aquest \u00e9s el teu lloc!\" \/>\n<meta name=\"robots\" content=\"index, follow, max-snippet:-1, max-image-preview:large, max-video-preview:-1\" \/>\n<link rel=\"canonical\" href=\"https:\/\/laragrill.es\/ca\/unete-al-team\/\" \/>\n<meta property=\"og:locale\" content=\"ca_ES\" \/>\n<meta property=\"og:type\" content=\"article\" \/>\n<meta property=\"og:title\" content=\"Uneix-te a l\u2019equip - Lara Grill - Las mejores burgers y pepitos de Barcelona\" \/>\n<meta property=\"og:description\" content=\"Uneix-te a l\u2019equip: si tens bon rotllo, ets divertit per\u00f2 alhora responsable i t\u2019agrada treballar de cara al p\u00fablic, aquest \u00e9s el teu lloc!\" \/>\n<meta property=\"og:url\" content=\"https:\/\/laragrill.es\/ca\/unete-al-team\/\" \/>\n<meta property=\"og:site_name\" content=\"Lara Grill - Las mejores burgers y pepitos de Barcelona\" \/>\n<meta property=\"article:modified_time\" content=\"2025-10-16T00:01:53+00:00\" \/>\n<meta name=\"twitter:card\" content=\"summary_large_image\" \/>\n<meta name=\"twitter:label1\" content=\"Temps estimat de lectura\" \/>\n\t<meta name=\"twitter:data1\" content=\"3 minuts\" \/>\n<script type=\"application\/ld+json\" class=\"yoast-schema-graph\">{\"@context\":\"https:\\\/\\\/schema.org\",\"@graph\":[{\"@type\":\"WebPage\",\"@id\":\"https:\\\/\\\/laragrill.es\\\/ca\\\/unete-al-team\\\/\",\"url\":\"https:\\\/\\\/laragrill.es\\\/ca\\\/unete-al-team\\\/\",\"name\":\"Uneix-te a l\u2019equip - Lara Grill - Las mejores burgers y pepitos de Barcelona\",\"isPartOf\":{\"@id\":\"https:\\\/\\\/laragrill.es\\\/ca\\\/#website\"},\"datePublished\":\"2025-10-15T23:54:29+00:00\",\"dateModified\":\"2025-10-16T00:01:53+00:00\",\"description\":\"Uneix-te a l\u2019equip: si tens bon rotllo, ets divertit per\u00f2 alhora responsable i t\u2019agrada treballar de cara al p\u00fablic, aquest \u00e9s el teu lloc!\",\"breadcrumb\":{\"@id\":\"https:\\\/\\\/laragrill.es\\\/ca\\\/unete-al-team\\\/#breadcrumb\"},\"inLanguage\":\"ca\",\"potentialAction\":[{\"@type\":\"ReadAction\",\"target\":[\"https:\\\/\\\/laragrill.es\\\/ca\\\/unete-al-team\\\/\"]}]},{\"@type\":\"BreadcrumbList\",\"@id\":\"https:\\\/\\\/laragrill.es\\\/ca\\\/unete-al-team\\\/#breadcrumb\",\"itemListElement\":[{\"@type\":\"ListItem\",\"position\":1,\"name\":\"Portada\",\"item\":\"https:\\\/\\\/laragrill.es\\\/ca\\\/\"},{\"@type\":\"ListItem\",\"position\":2,\"name\":\"Uneix-te a l\u2019equip\"}]},{\"@type\":\"WebSite\",\"@id\":\"https:\\\/\\\/laragrill.es\\\/ca\\\/#website\",\"url\":\"https:\\\/\\\/laragrill.es\\\/ca\\\/\",\"name\":\"Lara Grill - Las mejores burgers y pepitos de Barcelona\",\"description\":\"Comida callejera con un toque gourmet. Los mejores pepitos, batidos y burgers de toda Barcelona. Tenemos la mejor comida food porn de la ciudad.\",\"publisher\":{\"@id\":\"https:\\\/\\\/laragrill.es\\\/ca\\\/#organization\"},\"potentialAction\":[{\"@type\":\"SearchAction\",\"target\":{\"@type\":\"EntryPoint\",\"urlTemplate\":\"https:\\\/\\\/laragrill.es\\\/ca\\\/?s={search_term_string}\"},\"query-input\":{\"@type\":\"PropertyValueSpecification\",\"valueRequired\":true,\"valueName\":\"search_term_string\"}}],\"inLanguage\":\"ca\"},{\"@type\":\"Organization\",\"@id\":\"https:\\\/\\\/laragrill.es\\\/ca\\\/#organization\",\"name\":\"Lara Grill - Las mejores burgers y pepitos de Barcelona\",\"url\":\"https:\\\/\\\/laragrill.es\\\/ca\\\/\",\"logo\":{\"@type\":\"ImageObject\",\"inLanguage\":\"ca\",\"@id\":\"https:\\\/\\\/laragrill.es\\\/ca\\\/#\\\/schema\\\/logo\\\/image\\\/\",\"url\":\"https:\\\/\\\/laragrill.es\\\/wp-content\\\/uploads\\\/2026\\\/03\\\/Logo-laragrill-web.svg\",\"contentUrl\":\"https:\\\/\\\/laragrill.es\\\/wp-content\\\/uploads\\\/2026\\\/03\\\/Logo-laragrill-web.svg\",\"width\":287,\"height\":42,\"caption\":\"Lara Grill - Las mejores burgers y pepitos de Barcelona\"},\"image\":{\"@id\":\"https:\\\/\\\/laragrill.es\\\/ca\\\/#\\\/schema\\\/logo\\\/image\\\/\"}}]}<\/script>\n<!-- \/ Yoast SEO plugin. -->","yoast_head_json":{"title":"Uneix-te a l\u2019equip - Lara Grill - Las mejores burgers y pepitos de Barcelona","description":"Uneix-te a l\u2019equip: si tens bon rotllo, ets divertit per\u00f2 alhora responsable i t\u2019agrada treballar de cara al p\u00fablic, aquest \u00e9s el teu lloc!","robots":{"index":"index","follow":"follow","max-snippet":"max-snippet:-1","max-image-preview":"max-image-preview:large","max-video-preview":"max-video-preview:-1"},"canonical":"https:\/\/laragrill.es\/ca\/unete-al-team\/","og_locale":"ca_ES","og_type":"article","og_title":"Uneix-te a l\u2019equip - Lara Grill - Las mejores burgers y pepitos de Barcelona","og_description":"Uneix-te a l\u2019equip: si tens bon rotllo, ets divertit per\u00f2 alhora responsable i t\u2019agrada treballar de cara al p\u00fablic, aquest \u00e9s el teu lloc!","og_url":"https:\/\/laragrill.es\/ca\/unete-al-team\/","og_site_name":"Lara Grill - Las mejores burgers y pepitos de Barcelona","article_modified_time":"2025-10-16T00:01:53+00:00","twitter_card":"summary_large_image","twitter_misc":{"Temps estimat de lectura":"3 minuts"},"schema":{"@context":"https:\/\/schema.org","@graph":[{"@type":"WebPage","@id":"https:\/\/laragrill.es\/ca\/unete-al-team\/","url":"https:\/\/laragrill.es\/ca\/unete-al-team\/","name":"Uneix-te a l\u2019equip - Lara Grill - Las mejores burgers y pepitos de Barcelona","isPartOf":{"@id":"https:\/\/laragrill.es\/ca\/#website"},"datePublished":"2025-10-15T23:54:29+00:00","dateModified":"2025-10-16T00:01:53+00:00","description":"Uneix-te a l\u2019equip: si tens bon rotllo, ets divertit per\u00f2 alhora responsable i t\u2019agrada treballar de cara al p\u00fablic, aquest \u00e9s el teu lloc!","breadcrumb":{"@id":"https:\/\/laragrill.es\/ca\/unete-al-team\/#breadcrumb"},"inLanguage":"ca","potentialAction":[{"@type":"ReadAction","target":["https:\/\/laragrill.es\/ca\/unete-al-team\/"]}]},{"@type":"BreadcrumbList","@id":"https:\/\/laragrill.es\/ca\/unete-al-team\/#breadcrumb","itemListElement":[{"@type":"ListItem","position":1,"name":"Portada","item":"https:\/\/laragrill.es\/ca\/"},{"@type":"ListItem","position":2,"name":"Uneix-te a l\u2019equip"}]},{"@type":"WebSite","@id":"https:\/\/laragrill.es\/ca\/#website","url":"https:\/\/laragrill.es\/ca\/","name":"Lara Grill - Las mejores burgers y pepitos de Barcelona","description":"Comida callejera con un toque gourmet. Los mejores pepitos, batidos y burgers de toda Barcelona. Tenemos la mejor comida food porn de la ciudad.","publisher":{"@id":"https:\/\/laragrill.es\/ca\/#organization"},"potentialAction":[{"@type":"SearchAction","target":{"@type":"EntryPoint","urlTemplate":"https:\/\/laragrill.es\/ca\/?s={search_term_string}"},"query-input":{"@type":"PropertyValueSpecification","valueRequired":true,"valueName":"search_term_string"}}],"inLanguage":"ca"},{"@type":"Organization","@id":"https:\/\/laragrill.es\/ca\/#organization","name":"Lara Grill - Las mejores burgers y pepitos de Barcelona","url":"https:\/\/laragrill.es\/ca\/","logo":{"@type":"ImageObject","inLanguage":"ca","@id":"https:\/\/laragrill.es\/ca\/#\/schema\/logo\/image\/","url":"https:\/\/laragrill.es\/wp-content\/uploads\/2026\/03\/Logo-laragrill-web.svg","contentUrl":"https:\/\/laragrill.es\/wp-content\/uploads\/2026\/03\/Logo-laragrill-web.svg","width":287,"height":42,"caption":"Lara Grill - Las mejores burgers y pepitos de Barcelona"},"image":{"@id":"https:\/\/laragrill.es\/ca\/#\/schema\/logo\/image\/"}}]}},"_links":{"self":[{"href":"https:\/\/laragrill.es\/ca\/wp-json\/wp\/v2\/pages\/11860","targetHints":{"allow":["GET"]}}],"collection":[{"href":"https:\/\/laragrill.es\/ca\/wp-json\/wp\/v2\/pages"}],"about":[{"href":"https:\/\/laragrill.es\/ca\/wp-json\/wp\/v2\/types\/page"}],"author":[{"embeddable":true,"href":"https:\/\/laragrill.es\/ca\/wp-json\/wp\/v2\/users\/7"}],"replies":[{"embeddable":true,"href":"https:\/\/laragrill.es\/ca\/wp-json\/wp\/v2\/comments?post=11860"}],"version-history":[{"count":5,"href":"https:\/\/laragrill.es\/ca\/wp-json\/wp\/v2\/pages\/11860\/revisions"}],"predecessor-version":[{"id":11869,"href":"https:\/\/laragrill.es\/ca\/wp-json\/wp\/v2\/pages\/11860\/revisions\/11869"}],"wp:attachment":[{"href":"https:\/\/laragrill.es\/ca\/wp-json\/wp\/v2\/media?parent=11860"}],"curies":[{"name":"wp","href":"https:\/\/api.w.org\/{rel}","templated":true}]}}