{"id":11852,"date":"2025-10-15T23:28:19","date_gmt":"2025-10-15T23:28:19","guid":{"rendered":"https:\/\/laragrill.es\/nosotros\/"},"modified":"2025-10-15T23:30:19","modified_gmt":"2025-10-15T23:30:19","slug":"nosotros","status":"publish","type":"page","link":"https:\/\/laragrill.es\/ca\/nosotros\/","title":{"rendered":"Nosaltres"},"content":{"rendered":"\t\t<div data-elementor-type=\"wp-page\" data-elementor-id=\"11852\" class=\"elementor elementor-11852 elementor-108\">\n\t\t\t\t\t\t<section class=\"elementor-section elementor-top-section elementor-element elementor-element-919e406 elementor-section-boxed elementor-section-height-default elementor-section-height-default\" data-id=\"919e406\" data-element_type=\"section\" data-e-type=\"section\">\n\t\t\t\t\t\t<div class=\"elementor-container elementor-column-gap-default\">\n\t\t\t\t\t<div class=\"aux-parallax-section elementor-column elementor-col-100 elementor-top-column elementor-element elementor-element-77a2fec\" data-id=\"77a2fec\" data-element_type=\"column\" data-e-type=\"column\">\n\t\t\t<div class=\"elementor-widget-wrap elementor-element-populated\">\n\t\t\t\t\t\t<div class=\"elementor-element elementor-element-7dcef98 elementor-widget elementor-widget-aux_modern_heading\" data-id=\"7dcef98\" data-element_type=\"widget\" data-e-type=\"widget\" data-widget_type=\"aux_modern_heading.default\">\n\t\t\t\t<div class=\"elementor-widget-container\">\n\t\t\t\t\t<section class=\"aux-widget-modern-heading\">\n            <div class=\"aux-widget-inner\"><h2 class=\"aux-modern-heading-primary\">Benvinguts a Lara Grill: On el Menjar es Converteix en una Experi\u00e8ncia<\/h2><div class=\"aux-modern-heading-description\"><p>A Lara Grill, no som nom\u00e9s una empresa d\u2019hostaleria; som un grup apassionat de persones que obrim les nostres portes cada dia amb un prop\u00f2sit clar: oferir plats de la m\u00e0xima qualitat en un ambient relaxat i informal. La nostra missi\u00f3 \u00e9s satisfer tots aquells que volen gaudir de menjar r\u00e0pid preparat amb la m\u00e0xima cura i qualitat. Ens agrada anomenar-ho \"SLOW STREET FOOD\", i t\u2019invitem a experimentar-ho amb nosaltres.<\/p>\n<p><\/p>\n<p><\/p>\n<p><strong>Una Experi\u00e8ncia per a Tothom<\/strong><\/p>\n<p><\/p>\n<p>A Lara Grill, ens enorgulleix oferir opcions per a tothom. Entenem que cada persona \u00e9s \u00fanica, i per aix\u00f2 hem incorporat delicioses alternatives SENSE GLUTEN i opcions VEGGIES. Si tens alguna pregunta, no dubtis a demanar al nostre personal amable. Ja sigui que vinguis en parella, amb la teva fam\u00edlia o sol, a Lara Grill et garantim que et sentir\u00e0s com a casa. Aqu\u00ed, no hi ha lloc per sentir-se \u201cfora de lloc\u201d. <a href=\"https:\/\/laragrill.es\/ca\/menu\/\">Coneix la nostra carta<\/a><\/p>\n<p><\/p>\n<p><\/p>\n<p><strong>Art en Cada Plat<\/strong><\/p>\n<p><\/p>\n<p>Creiem que fer les coses b\u00e9 \u00e9s m\u00e9s important que fer-les r\u00e0pid. A Lara Grill, creiem en la qualitat per sobre de la pressa, i sabem que cada plat ben preparat requereix el seu temps. Per a nosaltres, una hamburguesa no \u00e9s simplement carn entre dos pans. Cadascun dels nostres plats \u00e9s una creaci\u00f3 \u00fanica, una barreja d\u2019ingredients seleccionats acuradament per satisfer tots els gustos. Descobreix el nostre variat men\u00fa i deixa\u2019t sorprendre. <a href=\"https:\/\/laragrill.es\/ca\/menu\/\">Coneix la nostra carta<\/a><\/p>\n<p><\/p>\n<p><\/p>\n<p><strong>Experi\u00e8ncia Personalitzada<\/strong><\/p>\n<p><\/p>\n<p>A Lara Grill, l\u2019atenci\u00f3 al client \u00e9s un dels nostres pilars fonamentals. No volem que ens visitis nom\u00e9s una vegada, sin\u00f3 que consideris aquest lloc com casa teva, el teu espai per a celebracions especials o fins i tot el teu refugi per a aquells \"cheat meals\" que tant gaudeixes. Valorem la teva opini\u00f3 i ens esforcem per mantenir un alt est\u00e0ndard en les nostres valoracions en l\u00ednia. T\u2019invitem a compartir la teva experi\u00e8ncia a <a href=\"https:\/\/www.google.es\/search?q=lara+grill+santa&amp;sca_esv=575878961&amp;sxsrf=AM9HkKmXZ7n0SuCwLYfYJtluvVeYqKzbtw%3A1698091117837&amp;ei=bdA2ZYXdMv3hkdUPwdSigAY&amp;oq=lara+grill+santa&amp;gs_lp=Egxnd3Mtd2l6LXNlcnAiEGxhcmEgZ3JpbGwgc2FudGEqAggAMgQQIxgnMgsQLhiABBjHARivATIGEAAYFhgeMgIQJkilG1DGA1joEnADeAGQAQGYAccDoAHjDKoBCTEuMi4yLjEuMbgBAcgBAPgBAcICChAAGEcY1gQYsAPCAg0QABhHGNYEGMkDGLADwgILEAAYigUYkgMYsAPCAgoQABiKBRiwAxhDwgIHECMYigUYJ8ICBRAAGIAEwgIQEC4YFBivARjHARiHAhiABMICCxAuGK8BGMcBGIAEwgIIEAAYgAQYyQPCAg0QABiABBgUGIcCGLEDwgIKEAAYgAQYFBiHAuIDBBgAIEGIBgGQBgo&amp;sclient=gws-wiz-serp#lrd=0xd4228f458dbffff:0xd4084302c3fac372,1,,,\">Google<\/a> i <a href=\"https:\/\/www.tripadvisor.es\/Restaurant_Review-g187497-d17025116-Reviews-Lara_Grill-Barcelona_Catalonia.html\">TripAdvisor<\/a>!<\/p>\n<p><\/p>\n<p><\/p>\n<p><strong>Lara Grill: On es Fusionen els Sabors<\/strong><\/p>\n<p><\/p>\n<p>Sabem que hi ha moltes hamburgueseries, bocateries i sandwicheries al m\u00f3n, per\u00f2 a Lara Grill t\u2019oferim quelcom \u00fanic. Aqu\u00ed, hamburgueses, pepitos i postres incre\u00efbles convergeixen en un ambient de \"casual dining\" que no trobar\u00e0s en cap altre lloc. Ens enorgulleix ser diferents i oferir-te una varietat d\u2019opcions que surten del com\u00fa. <a href=\"https:\/\/laragrill.es\/ca\/menu\/\">Descobreix el nostre men\u00fa<\/a> i <a href=\"https:\/\/laragrill.es\/ca\/locales\/\">reserva la teva taula avui mateix<\/a>.<\/p>\n<p><\/p>\n<p><\/p>\n<p><strong>Un Viatge M\u00e9s Enll\u00e0 del Menjar<\/strong><\/p>\n<p><\/p>\n<p>A Lara Grill, la nostra visi\u00f3 \u00e9s transcendir fronteres i convertir-nos en un referent nacional i internacional del Street Food. No obstant aix\u00f2, per aconseguir-ho, necessitem el teu suport. El teu feedback \u00e9s inavaluable \u2014 t\u2019invitem a convertir-te en un \u201cLara Fan\u201d i a considerar la possibilitat d\u2019obrir el teu propi restaurant Lara Grill. Ens ajudes a complir aquest objectiu ambici\u00f3s? <a href=\"https:\/\/laragrill.es\/ca\/franquicia\/\">Obt\u00e9n m\u00e9s informaci\u00f3 sobre les nostres franqu\u00edcies<\/a>.<\/p>\n<\/div><\/div>\n        <\/section>\t\t\t\t<\/div>\n\t\t\t\t<\/div>\n\t\t\t\t<div class=\"elementor-element elementor-element-e846a82 elementor-widget elementor-widget-aux_image\" data-id=\"e846a82\" data-element_type=\"widget\" data-e-type=\"widget\" data-widget_type=\"aux_image.default\">\n\t\t\t\t<div class=\"elementor-widget-container\">\n\t\t\t\t\t<section class=\"widget-container aux-widget-image aux-alignnone aux-parent-aue105d17b\">\n    <div class=\"aux-media-hint-frame \">\n        <div class=\"aux-media-image \" >\n        \n            \n\n            \n            <img fetchpriority=\"high\" decoding=\"async\" width=\"1024\" height=\"1024\" src=\"https:\/\/laragrill.es\/wp-content\/uploads\/2025\/02\/LaraGrill-Barcelona-Cartagena-1024x1024.webp\" class=\"aux-attachment aux-featured-image aux-attachment-id-11513\" alt=\"LaraGrill Barcelona - Cartagena\" srcset=\"https:\/\/laragrill.es\/wp-content\/uploads\/2025\/02\/LaraGrill-Barcelona-Cartagena-150x150.webp 150w,https:\/\/laragrill.es\/wp-content\/uploads\/2025\/02\/LaraGrill-Barcelona-Cartagena-300x300.webp 300w,https:\/\/laragrill.es\/wp-content\/uploads\/2025\/02\/LaraGrill-Barcelona-Cartagena-768x768.webp 768w,https:\/\/laragrill.es\/wp-content\/uploads\/2025\/02\/LaraGrill-Barcelona-Cartagena-1024x1024.webp 1024w,https:\/\/laragrill.es\/wp-content\/uploads\/2025\/02\/LaraGrill-Barcelona-Cartagena-1024x1024.webp 1024w\" data-ratio=\"1\" data-original-w=\"1440\" sizes=\"(max-width:479px) 480px,(max-width:767px) 768px,(max-width:1023px) 1024px,1024px\" \/>            \n                <\/div>\n    <\/div>\n\n<\/section><!-- widget-container -->\t\t\t\t<\/div>\n\t\t\t\t<\/div>\n\t\t\t\t\t<\/div>\n\t\t<\/div>\n\t\t\t\t\t<\/div>\n\t\t<\/section>\n\t\t\t\t<\/div>\n\t\t","protected":false},"excerpt":{"rendered":"<p>Benvinguts a Lara Grill: On el Menjar es Converteix en una Experi\u00e8ncia A Lara Grill, no som nom\u00e9s una empresa d\u2019hostaleria; som un grup apassionat de persones que obrim les nostres portes cada dia amb un prop\u00f2sit clar: oferir plats de la m\u00e0xima qualitat en un ambient relaxat i informal. La nostra missi\u00f3 \u00e9s satisfer [&hellip;]<\/p>\n","protected":false},"author":7,"featured_media":0,"parent":0,"menu_order":0,"comment_status":"closed","ping_status":"closed","template":"","meta":{"footnotes":""},"class_list":["post-11852","page","type-page","status-publish","hentry"],"yoast_head":"<!-- This site is optimized with the Yoast SEO plugin v27.3 - https:\/\/yoast.com\/product\/yoast-seo-wordpress\/ -->\n<title>Nosaltres - Lara Grill - Las mejores burgers y pepitos de Barcelona<\/title>\n<meta name=\"description\" content=\"Qu\u00e8 \u00e9s Lara Grill? Som una fam\u00edlia que busca oferir-vos la millor experi\u00e8ncia sota el concepte de Radical Street Food.\" \/>\n<meta name=\"robots\" content=\"index, follow, max-snippet:-1, max-image-preview:large, max-video-preview:-1\" \/>\n<link rel=\"canonical\" href=\"https:\/\/laragrill.es\/ca\/nosotros\/\" \/>\n<meta property=\"og:locale\" content=\"ca_ES\" \/>\n<meta property=\"og:type\" content=\"article\" \/>\n<meta property=\"og:title\" content=\"Nosaltres - Lara Grill - Las mejores burgers y pepitos de Barcelona\" \/>\n<meta property=\"og:description\" content=\"Qu\u00e8 \u00e9s Lara Grill? Som una fam\u00edlia que busca oferir-vos la millor experi\u00e8ncia sota el concepte de Radical Street Food.\" \/>\n<meta property=\"og:url\" content=\"https:\/\/laragrill.es\/ca\/nosotros\/\" \/>\n<meta property=\"og:site_name\" content=\"Lara Grill - Las mejores burgers y pepitos de Barcelona\" \/>\n<meta property=\"article:modified_time\" content=\"2025-10-15T23:30:19+00:00\" \/>\n<meta property=\"og:image\" content=\"https:\/\/laragrill.es\/wp-content\/uploads\/2025\/02\/LaraGrill-Barcelona-Cartagena-1024x1024.webp\" \/>\n<meta name=\"twitter:card\" content=\"summary_large_image\" \/>\n<meta name=\"twitter:label1\" content=\"Temps estimat de lectura\" \/>\n\t<meta name=\"twitter:data1\" content=\"3 minuts\" \/>\n<script type=\"application\/ld+json\" class=\"yoast-schema-graph\">{\"@context\":\"https:\\\/\\\/schema.org\",\"@graph\":[{\"@type\":\"WebPage\",\"@id\":\"https:\\\/\\\/laragrill.es\\\/ca\\\/nosotros\\\/\",\"url\":\"https:\\\/\\\/laragrill.es\\\/ca\\\/nosotros\\\/\",\"name\":\"Nosaltres - Lara Grill - Las mejores burgers y pepitos de Barcelona\",\"isPartOf\":{\"@id\":\"https:\\\/\\\/laragrill.es\\\/ca\\\/#website\"},\"primaryImageOfPage\":{\"@id\":\"https:\\\/\\\/laragrill.es\\\/ca\\\/nosotros\\\/#primaryimage\"},\"image\":{\"@id\":\"https:\\\/\\\/laragrill.es\\\/ca\\\/nosotros\\\/#primaryimage\"},\"thumbnailUrl\":\"https:\\\/\\\/laragrill.es\\\/wp-content\\\/uploads\\\/2025\\\/02\\\/LaraGrill-Barcelona-Cartagena-1024x1024.webp\",\"datePublished\":\"2025-10-15T23:28:19+00:00\",\"dateModified\":\"2025-10-15T23:30:19+00:00\",\"description\":\"Qu\u00e8 \u00e9s Lara Grill? Som una fam\u00edlia que busca oferir-vos la millor experi\u00e8ncia sota el concepte de Radical Street Food.\",\"breadcrumb\":{\"@id\":\"https:\\\/\\\/laragrill.es\\\/ca\\\/nosotros\\\/#breadcrumb\"},\"inLanguage\":\"ca\",\"potentialAction\":[{\"@type\":\"ReadAction\",\"target\":[\"https:\\\/\\\/laragrill.es\\\/ca\\\/nosotros\\\/\"]}]},{\"@type\":\"ImageObject\",\"inLanguage\":\"ca\",\"@id\":\"https:\\\/\\\/laragrill.es\\\/ca\\\/nosotros\\\/#primaryimage\",\"url\":\"https:\\\/\\\/laragrill.es\\\/wp-content\\\/uploads\\\/2025\\\/02\\\/LaraGrill-Barcelona-Cartagena-1024x1024.webp\",\"contentUrl\":\"https:\\\/\\\/laragrill.es\\\/wp-content\\\/uploads\\\/2025\\\/02\\\/LaraGrill-Barcelona-Cartagena-1024x1024.webp\"},{\"@type\":\"BreadcrumbList\",\"@id\":\"https:\\\/\\\/laragrill.es\\\/ca\\\/nosotros\\\/#breadcrumb\",\"itemListElement\":[{\"@type\":\"ListItem\",\"position\":1,\"name\":\"Portada\",\"item\":\"https:\\\/\\\/laragrill.es\\\/ca\\\/\"},{\"@type\":\"ListItem\",\"position\":2,\"name\":\"Nosaltres\"}]},{\"@type\":\"WebSite\",\"@id\":\"https:\\\/\\\/laragrill.es\\\/ca\\\/#website\",\"url\":\"https:\\\/\\\/laragrill.es\\\/ca\\\/\",\"name\":\"Lara Grill - Las mejores burgers y pepitos de Barcelona\",\"description\":\"Comida callejera con un toque gourmet. Los mejores pepitos, batidos y burgers de toda Barcelona. Tenemos la mejor comida food porn de la ciudad.\",\"publisher\":{\"@id\":\"https:\\\/\\\/laragrill.es\\\/ca\\\/#organization\"},\"potentialAction\":[{\"@type\":\"SearchAction\",\"target\":{\"@type\":\"EntryPoint\",\"urlTemplate\":\"https:\\\/\\\/laragrill.es\\\/ca\\\/?s={search_term_string}\"},\"query-input\":{\"@type\":\"PropertyValueSpecification\",\"valueRequired\":true,\"valueName\":\"search_term_string\"}}],\"inLanguage\":\"ca\"},{\"@type\":\"Organization\",\"@id\":\"https:\\\/\\\/laragrill.es\\\/ca\\\/#organization\",\"name\":\"Lara Grill - Las mejores burgers y pepitos de Barcelona\",\"url\":\"https:\\\/\\\/laragrill.es\\\/ca\\\/\",\"logo\":{\"@type\":\"ImageObject\",\"inLanguage\":\"ca\",\"@id\":\"https:\\\/\\\/laragrill.es\\\/ca\\\/#\\\/schema\\\/logo\\\/image\\\/\",\"url\":\"https:\\\/\\\/laragrill.es\\\/wp-content\\\/uploads\\\/2026\\\/03\\\/Logo-laragrill-web.svg\",\"contentUrl\":\"https:\\\/\\\/laragrill.es\\\/wp-content\\\/uploads\\\/2026\\\/03\\\/Logo-laragrill-web.svg\",\"width\":287,\"height\":42,\"caption\":\"Lara Grill - Las mejores burgers y pepitos de Barcelona\"},\"image\":{\"@id\":\"https:\\\/\\\/laragrill.es\\\/ca\\\/#\\\/schema\\\/logo\\\/image\\\/\"}}]}<\/script>\n<!-- \/ Yoast SEO plugin. -->","yoast_head_json":{"title":"Nosaltres - Lara Grill - Las mejores burgers y pepitos de Barcelona","description":"Qu\u00e8 \u00e9s Lara Grill? Som una fam\u00edlia que busca oferir-vos la millor experi\u00e8ncia sota el concepte de Radical Street Food.","robots":{"index":"index","follow":"follow","max-snippet":"max-snippet:-1","max-image-preview":"max-image-preview:large","max-video-preview":"max-video-preview:-1"},"canonical":"https:\/\/laragrill.es\/ca\/nosotros\/","og_locale":"ca_ES","og_type":"article","og_title":"Nosaltres - Lara Grill - Las mejores burgers y pepitos de Barcelona","og_description":"Qu\u00e8 \u00e9s Lara Grill? Som una fam\u00edlia que busca oferir-vos la millor experi\u00e8ncia sota el concepte de Radical Street Food.","og_url":"https:\/\/laragrill.es\/ca\/nosotros\/","og_site_name":"Lara Grill - Las mejores burgers y pepitos de Barcelona","article_modified_time":"2025-10-15T23:30:19+00:00","og_image":[{"url":"https:\/\/laragrill.es\/wp-content\/uploads\/2025\/02\/LaraGrill-Barcelona-Cartagena-1024x1024.webp","type":"","width":"","height":""}],"twitter_card":"summary_large_image","twitter_misc":{"Temps estimat de lectura":"3 minuts"},"schema":{"@context":"https:\/\/schema.org","@graph":[{"@type":"WebPage","@id":"https:\/\/laragrill.es\/ca\/nosotros\/","url":"https:\/\/laragrill.es\/ca\/nosotros\/","name":"Nosaltres - Lara Grill - Las mejores burgers y pepitos de Barcelona","isPartOf":{"@id":"https:\/\/laragrill.es\/ca\/#website"},"primaryImageOfPage":{"@id":"https:\/\/laragrill.es\/ca\/nosotros\/#primaryimage"},"image":{"@id":"https:\/\/laragrill.es\/ca\/nosotros\/#primaryimage"},"thumbnailUrl":"https:\/\/laragrill.es\/wp-content\/uploads\/2025\/02\/LaraGrill-Barcelona-Cartagena-1024x1024.webp","datePublished":"2025-10-15T23:28:19+00:00","dateModified":"2025-10-15T23:30:19+00:00","description":"Qu\u00e8 \u00e9s Lara Grill? Som una fam\u00edlia que busca oferir-vos la millor experi\u00e8ncia sota el concepte de Radical Street Food.","breadcrumb":{"@id":"https:\/\/laragrill.es\/ca\/nosotros\/#breadcrumb"},"inLanguage":"ca","potentialAction":[{"@type":"ReadAction","target":["https:\/\/laragrill.es\/ca\/nosotros\/"]}]},{"@type":"ImageObject","inLanguage":"ca","@id":"https:\/\/laragrill.es\/ca\/nosotros\/#primaryimage","url":"https:\/\/laragrill.es\/wp-content\/uploads\/2025\/02\/LaraGrill-Barcelona-Cartagena-1024x1024.webp","contentUrl":"https:\/\/laragrill.es\/wp-content\/uploads\/2025\/02\/LaraGrill-Barcelona-Cartagena-1024x1024.webp"},{"@type":"BreadcrumbList","@id":"https:\/\/laragrill.es\/ca\/nosotros\/#breadcrumb","itemListElement":[{"@type":"ListItem","position":1,"name":"Portada","item":"https:\/\/laragrill.es\/ca\/"},{"@type":"ListItem","position":2,"name":"Nosaltres"}]},{"@type":"WebSite","@id":"https:\/\/laragrill.es\/ca\/#website","url":"https:\/\/laragrill.es\/ca\/","name":"Lara Grill - Las mejores burgers y pepitos de Barcelona","description":"Comida callejera con un toque gourmet. Los mejores pepitos, batidos y burgers de toda Barcelona. Tenemos la mejor comida food porn de la ciudad.","publisher":{"@id":"https:\/\/laragrill.es\/ca\/#organization"},"potentialAction":[{"@type":"SearchAction","target":{"@type":"EntryPoint","urlTemplate":"https:\/\/laragrill.es\/ca\/?s={search_term_string}"},"query-input":{"@type":"PropertyValueSpecification","valueRequired":true,"valueName":"search_term_string"}}],"inLanguage":"ca"},{"@type":"Organization","@id":"https:\/\/laragrill.es\/ca\/#organization","name":"Lara Grill - Las mejores burgers y pepitos de Barcelona","url":"https:\/\/laragrill.es\/ca\/","logo":{"@type":"ImageObject","inLanguage":"ca","@id":"https:\/\/laragrill.es\/ca\/#\/schema\/logo\/image\/","url":"https:\/\/laragrill.es\/wp-content\/uploads\/2026\/03\/Logo-laragrill-web.svg","contentUrl":"https:\/\/laragrill.es\/wp-content\/uploads\/2026\/03\/Logo-laragrill-web.svg","width":287,"height":42,"caption":"Lara Grill - Las mejores burgers y pepitos de Barcelona"},"image":{"@id":"https:\/\/laragrill.es\/ca\/#\/schema\/logo\/image\/"}}]}},"_links":{"self":[{"href":"https:\/\/laragrill.es\/ca\/wp-json\/wp\/v2\/pages\/11852","targetHints":{"allow":["GET"]}}],"collection":[{"href":"https:\/\/laragrill.es\/ca\/wp-json\/wp\/v2\/pages"}],"about":[{"href":"https:\/\/laragrill.es\/ca\/wp-json\/wp\/v2\/types\/page"}],"author":[{"embeddable":true,"href":"https:\/\/laragrill.es\/ca\/wp-json\/wp\/v2\/users\/7"}],"replies":[{"embeddable":true,"href":"https:\/\/laragrill.es\/ca\/wp-json\/wp\/v2\/comments?post=11852"}],"version-history":[{"count":2,"href":"https:\/\/laragrill.es\/ca\/wp-json\/wp\/v2\/pages\/11852\/revisions"}],"predecessor-version":[{"id":11854,"href":"https:\/\/laragrill.es\/ca\/wp-json\/wp\/v2\/pages\/11852\/revisions\/11854"}],"wp:attachment":[{"href":"https:\/\/laragrill.es\/ca\/wp-json\/wp\/v2\/media?parent=11852"}],"curies":[{"name":"wp","href":"https:\/\/api.w.org\/{rel}","templated":true}]}}