{"id":11689,"date":"2025-10-15T07:53:28","date_gmt":"2025-10-15T07:53:28","guid":{"rendered":"https:\/\/laragrill.es\/avis-legal\/"},"modified":"2025-10-15T20:47:05","modified_gmt":"2025-10-15T20:47:05","slug":"aviso-legal","status":"publish","type":"page","link":"https:\/\/laragrill.es\/ca\/aviso-legal\/","title":{"rendered":"Av\u00eds Legal"},"content":{"rendered":"\n<h2 class=\"wp-block-heading has-text-align-center has-text-color has-link-color wp-elements-698b73b2e204250ae85d576af7a38121\" style=\"color:#fbf7ec\"><strong>AV\u00cdS LEGAL<\/strong><\/h2>\n\n<h3 class=\"wp-block-heading has-text-color has-link-color wp-elements-e3dc0952ccedc8a579f4b4a27ac60b1a\" style=\"color:#fbf7ec\">LLEI DE SERVEIS DE LA SOCIETAT DE LA INFORMACI\u00d3 I DE COMER\u00c7 ELECTR\u00d2NIC<br\/><\/h3>\n\n<p class=\"has-text-color has-link-color wp-elements-e7c99fc043823542597e9198da15f32e\" style=\"color:#fbf7ec\">En compliment del que disposa l\u2019article 10 de la Llei 34\/2002, d\u201911 de juliol, de Serveis de la Societat de la Informaci\u00f3 (L.S.S.I.), es dona a con\u00e8ixer la seg\u00fcent Informaci\u00f3 General:<\/p>\n\n<h4 class=\"wp-block-heading has-text-color has-link-color wp-elements-22682fd676937c092a79c887b283f75f\" style=\"color:#fbf7ec\">DOMINIS<\/h4>\n\n<p class=\"has-text-color has-link-color wp-elements-1c9a9f05c5a9e239bd02066310116b74\" style=\"color:#fbf7ec\">Que els dominis seg\u00fcents, d\u2019ara endavant el Lloc Web, estan registrats a nom de les entitats seg\u00fcents \u2022 Domini www.laragrill.es, registrat a nom de Lara Grill, amb domicili social al carrer Santa Engr\u00e0cia 87, Madrid, i amb CIF B88292560, d\u2019ara endavant EL TITULAR.<\/p>\n\n<h4 class=\"wp-block-heading has-text-color has-link-color wp-elements-b5c1761edac423fee62f43286ff690f4\" style=\"color:#fbf7ec\">CONDICIONS D\u2019\u00daS<\/h4>\n\n<p class=\"has-text-color has-link-color wp-elements-58309f78b253e3e5121c9745d0ab662f\" style=\"color:#fbf7ec\"><strong>I.- USUARIS\/\u00c0RIES<\/strong> L\u2019acc\u00e9s i\/o \u00fas del Lloc Web atorga a qui el realitza la condici\u00f3 d\u2019usuari\/\u00e0ria, acceptant, des d\u2019aquell mateix moment, plenament i sense cap reserva, les presents condicions generals, aix\u00ed com les condicions particulars que, si escau, complementin, modifiquin o substitueixin les condicions generals en relaci\u00f3 amb determinats serveis i continguts del Lloc Web.<\/p>\n\n<p class=\"has-text-color has-link-color wp-elements-d0f09f71277d50092a15d3c5e7b2b9ab\" style=\"color:#fbf7ec\"><strong>II.- \u00daS DEL LLOC WEB, ELS SEUS SERVEIS I CONTINGUTS<\/strong> L\u2019usuari\/\u00e0ria es compromet a utilitzar el Lloc Web i els seus serveis i continguts sense contravenir la legislaci\u00f3 vigent, la bona fe, els usos generalment acceptats i l\u2019ordre p\u00fablic. Aix\u00ed mateix, queda prohibit l\u2019\u00fas del Lloc Web amb finalitats il\u00b7l\u00edcites o lesives contra EL TITULAR o qualsevol tercer\/a, o que, de qualsevol manera, puguin causar perjudici o impedir el funcionament normal del Lloc Web. <br\/><br\/>Pel que fa als continguts (informacions, textos, gr\u00e0fics, arxius de so i\/o imatge, fotografies, dissenys, etc.), es prohibeix: <br\/>\u2022 La seva reproducci\u00f3, distribuci\u00f3 o modificaci\u00f3, llevat que es compti amb l\u2019autoritzaci\u00f3 dels seus leg\u00edtims\/es titulars o resulti legalment perm\u00e8s. <br\/>\u2022 Qualsevol vulneraci\u00f3 dels drets d\u2019EL TITULAR o dels seus leg\u00edtims\/es titulars sobre aquests. <br\/>\u2022 La seva utilitzaci\u00f3 per a tota mena de finalitats comercials o publicit\u00e0ries diferents de les estrictament permeses. <br\/>\u2022 Qualsevol intent d\u2019obtenir els continguts del Lloc Web per qualsevol mitj\u00e0 diferent dels que es posin a disposici\u00f3 dels\/de les usuaris\/\u00e0ries, aix\u00ed com dels que habitualment s\u2019emprin a la xarxa, sempre que no causin cap perjudici al Lloc Web.<\/p>\n\n<p class=\"has-text-color has-link-color wp-elements-1fb170dd5346b78b66aa22770a30598c\" style=\"color:#fbf7ec\"><strong>III.- MODIFICACI\u00d3 UNILATERAL<\/strong> EL TITULAR podr\u00e0 modificar unilateralment i sense previ av\u00eds, sempre que ho consideri oport\u00fa, l\u2019estructura i el disseny del Lloc Web, aix\u00ed com modificar o eliminar els serveis, els continguts i les condicions d\u2019acc\u00e9s i\/o \u00fas del mateix.  <br\/><br\/><strong>IV.- HIPERENLLA\u00c7OS<\/strong> L\u2019establiment de qualsevol \u00abhiperenlla\u00e7\u00bb entre una p\u00e0gina web i el Lloc Web estar\u00e0 subjecte a les condicions seg\u00fcents: <br\/>\u2022 No es permet la reproducci\u00f3, ni total ni parcial, de cap dels serveis ni continguts del Lloc Web. <br\/>\u2022 Llevat de consentiment previ i expr\u00e9s, la p\u00e0gina web en la qual s\u2019estableixi l\u2019hiperenlla\u00e7 no contindr\u00e0 cap marca, nom comercial, r\u00e8tol d\u2019establiment, denominaci\u00f3, logotip, esl\u00f2gan o altres signes distintius pertanyents al TITULAR. <br\/>\u2022 En cap cas EL TITULAR ser\u00e0 responsable dels continguts o serveis posats a disposici\u00f3 del p\u00fablic a la p\u00e0gina web des de la qual es realitzi l\u2019\u00abhiperenlla\u00e7\u00bb, ni de les informacions i manifestacions incloses en aquesta.<\/p>\n\n<p class=\"has-text-color has-link-color wp-elements-118078f8a9fbc7f1654e4a5653ccb062\" style=\"color:#fbf7ec\"><strong>V.- EXCLUSI\u00d3 DE GARANTIES I RESPONSABILITAT<\/strong> EL TITULAR no ofereix cap garantia i, en cap cas, ser\u00e0 responsable dels danys i perjudicis de qualsevol naturalesa que puguin derivar-se de:<\/p>\n\n<ul class=\"wp-block-list\">\n<li class=\"has-text-color has-link-color wp-elements-da25840a1907fbebb70ce97044a28a81\" style=\"color:#fbf7ec\">La manca de disponibilitat, manteniment i correcte funcionament del Lloc Web i\/o dels seus serveis o continguts.<\/li>\n\n\n\n<li class=\"has-text-color has-link-color wp-elements-728f893d95e9751041ee7d81ed99362b\" style=\"color:#fbf7ec\">La manca d\u2019utilitat, adequaci\u00f3 o validesa del Lloc Web i\/o dels seus serveis o continguts per satisfer necessitats, activitats, resultats concrets o expectatives dels usuaris.<\/li>\n\n\n\n<li class=\"has-text-color has-link-color wp-elements-ee108ab5eef39059d2ee43dafdb29362\" style=\"color:#fbf7ec\">L\u2019exist\u00e8ncia de virus, programes maliciosos o nocius en els continguts.<\/li>\n\n\n\n<li class=\"has-text-color has-link-color wp-elements-d43b89734db994d6804788f30c7e0746\" style=\"color:#fbf7ec\">La recepci\u00f3, obtenci\u00f3, emmagatzematge, difusi\u00f3 o transmissi\u00f3 dels continguts per part dels\/de les usuaris\/\u00e0ries.<\/li>\n\n\n\n<li class=\"has-text-color has-link-color wp-elements-272fb9a9ca55f0233646662309d5560e\" style=\"color:#fbf7ec\">L\u2019\u00fas il\u00b7l\u00edcit, negligent o fraudulent del Lloc Web, els seus serveis o continguts per part dels usuaris, o qualsevol \u00fas contrari a aquestes Condicions Generals, a la bona fe, als usos generalment acceptats o a l\u2019ordre p\u00fablic.<\/li>\n\n\n\n<li class=\"has-text-color has-link-color wp-elements-5d98f8ef78271c7fe52dc59834cf03cb\" style=\"color:#fbf7ec\">La manca de legalitat, qualitat, fiabilitat, utilitat i disponibilitat dels serveis prestats per tercers\/es i posats a disposici\u00f3 dels\/de les usuaris\/\u00e0ries al Lloc Web.<\/li>\n\n\n\n<li class=\"has-text-color has-link-color wp-elements-cdc2ea5b94ef834947888d882aeb621c\" style=\"color:#fbf7ec\">L\u2019incompliment per part de tercers de les seves obligacions o compromisos en relaci\u00f3 amb els serveis prestats als\/les usuaris\/\u00e0ries a trav\u00e9s del Lloc Web.<\/li>\n<\/ul>\n\n<p class=\"has-text-color has-link-color wp-elements-fa4e6fe28e065c25331cba88f841b7fc\" style=\"color:#fbf7ec\"><strong>VI.- DURADA<\/strong> La prestaci\u00f3 del servei del Lloc Web i dels seus serveis \u00e9s de car\u00e0cter indefinit. Sense perjudici del que s\u2019ha indicat anteriorment, EL TITULAR es reserva el dret d\u2019interrompre, suspendre o finalitzar la prestaci\u00f3 del servei del Lloc Web o de qualsevol dels serveis que l\u2019integren, en els mateixos termes que s\u2019estableixen a la condici\u00f3 tercera.<\/p>\n\n<p class=\"has-text-color has-link-color wp-elements-64c9821d4be71a8ce21c453c00e31394\" style=\"color:#fbf7ec\"><strong>VII.- LEGISLACI\u00d3 APLICABLE I JURISDICCI\u00d3<\/strong> Les presents Condicions Generals es regiran per la legislaci\u00f3 espanyola. Els\/les Titulars de cada Lloc Web i l\u2019usuari\/\u00e0ria, amb ren\u00fancia expressa a qualsevol altre fur que els pogu\u00e9s correspondre, se sotmeten a la jurisdicci\u00f3 dels Jutjats i Tribunals del domicili de l\u2019usuari\/\u00e0ria per a qualsevol q\u00fcesti\u00f3 que es pugui suscitar o acci\u00f3 que es pugui exercitar derivada de la prestaci\u00f3 del servei del Lloc Web i dels seus serveis i continguts, aix\u00ed com sobre la interpretaci\u00f3, aplicaci\u00f3, compliment o incompliment del que aqu\u00ed s\u2019estableix. En el cas que l\u2019usuari\/\u00e0ria tingui el seu domicili fora d\u2019Espanya, els\/les Titulars de cada Lloc Web i l\u2019usuari\/\u00e0ria, amb ren\u00fancia expressa a qualsevol altre fur que els pogu\u00e9s correspondre, se sotmeten a la jurisdicci\u00f3 dels Jutjats i Tribunals de Madrid.<\/p>\n\n<h4 class=\"wp-block-heading has-text-color has-link-color wp-elements-3115a8b12fa0c8638a7bb87ef7a066c8\" style=\"color:#fbf7ec\">BAIXA DE LES COMUNICACIONS COMERCIALS<\/h4>\n\n<p class=\"has-text-color has-link-color wp-elements-19e46e449fb81aa5f6e80ae30ebfa507\" style=\"color:#fbf7ec\">De conformitat amb la Llei de serveis de la societat de la informaci\u00f3 34\/2002, es garanteix a l\u2019usuari\/\u00e0ria la possibilitat de deixar de rebre informaci\u00f3 comercial en un termini m\u00e0xim d\u2019un mes des del moment en qu\u00e8 comuniqui la seva voluntat mitjan\u00e7ant un correu electr\u00f2nic adre\u00e7at a contacto@laragrill.es.<\/p>\n\n<p><\/p>\n","protected":false},"excerpt":{"rendered":"<p>AV\u00cdS LEGAL LLEI DE SERVEIS DE LA SOCIETAT DE LA INFORMACI\u00d3 I DE COMER\u00c7 ELECTR\u00d2NIC En compliment del que disposa l\u2019article 10 de la Llei 34\/2002, d\u201911 de juliol, de Serveis de la Societat de la Informaci\u00f3 (L.S.S.I.), es dona a con\u00e8ixer la seg\u00fcent Informaci\u00f3 General: DOMINIS Que els dominis seg\u00fcents, d\u2019ara endavant el Lloc [&hellip;]<\/p>\n","protected":false},"author":7,"featured_media":0,"parent":0,"menu_order":0,"comment_status":"closed","ping_status":"closed","template":"","meta":{"footnotes":""},"class_list":["post-11689","page","type-page","status-publish","hentry"],"yoast_head":"<!-- This site is optimized with the Yoast SEO plugin v27.3 - https:\/\/yoast.com\/product\/yoast-seo-wordpress\/ -->\n<title>Av\u00eds Legal - Lara Grill - Las mejores burgers y pepitos de Barcelona<\/title>\n<meta name=\"robots\" content=\"index, follow, max-snippet:-1, max-image-preview:large, max-video-preview:-1\" \/>\n<link rel=\"canonical\" href=\"https:\/\/laragrill.es\/ca\/aviso-legal\/\" \/>\n<meta property=\"og:locale\" content=\"ca_ES\" \/>\n<meta property=\"og:type\" content=\"article\" \/>\n<meta property=\"og:title\" content=\"Av\u00eds Legal - Lara Grill - Las mejores burgers y pepitos de Barcelona\" \/>\n<meta property=\"og:description\" content=\"AV\u00cdS LEGAL LLEI DE SERVEIS DE LA SOCIETAT DE LA INFORMACI\u00d3 I DE COMER\u00c7 ELECTR\u00d2NIC En compliment del que disposa l\u2019article 10 de la Llei 34\/2002, d\u201911 de juliol, de Serveis de la Societat de la Informaci\u00f3 (L.S.S.I.), es dona a con\u00e8ixer la seg\u00fcent Informaci\u00f3 General: DOMINIS Que els dominis seg\u00fcents, d\u2019ara endavant el Lloc [&hellip;]\" \/>\n<meta property=\"og:url\" content=\"https:\/\/laragrill.es\/ca\/aviso-legal\/\" \/>\n<meta property=\"og:site_name\" content=\"Lara Grill - Las mejores burgers y pepitos de Barcelona\" \/>\n<meta property=\"article:modified_time\" content=\"2025-10-15T20:47:05+00:00\" \/>\n<meta name=\"twitter:card\" content=\"summary_large_image\" \/>\n<meta name=\"twitter:label1\" content=\"Temps estimat de lectura\" \/>\n\t<meta name=\"twitter:data1\" content=\"5 minuts\" \/>\n<script type=\"application\/ld+json\" class=\"yoast-schema-graph\">{\"@context\":\"https:\\\/\\\/schema.org\",\"@graph\":[{\"@type\":\"WebPage\",\"@id\":\"https:\\\/\\\/laragrill.es\\\/ca\\\/aviso-legal\\\/\",\"url\":\"https:\\\/\\\/laragrill.es\\\/ca\\\/aviso-legal\\\/\",\"name\":\"Av\u00eds Legal - Lara Grill - Las mejores burgers y pepitos de Barcelona\",\"isPartOf\":{\"@id\":\"https:\\\/\\\/laragrill.es\\\/ca\\\/#website\"},\"datePublished\":\"2025-10-15T07:53:28+00:00\",\"dateModified\":\"2025-10-15T20:47:05+00:00\",\"breadcrumb\":{\"@id\":\"https:\\\/\\\/laragrill.es\\\/ca\\\/aviso-legal\\\/#breadcrumb\"},\"inLanguage\":\"ca\",\"potentialAction\":[{\"@type\":\"ReadAction\",\"target\":[\"https:\\\/\\\/laragrill.es\\\/ca\\\/aviso-legal\\\/\"]}]},{\"@type\":\"BreadcrumbList\",\"@id\":\"https:\\\/\\\/laragrill.es\\\/ca\\\/aviso-legal\\\/#breadcrumb\",\"itemListElement\":[{\"@type\":\"ListItem\",\"position\":1,\"name\":\"Portada\",\"item\":\"https:\\\/\\\/laragrill.es\\\/ca\\\/\"},{\"@type\":\"ListItem\",\"position\":2,\"name\":\"Av\u00eds Legal\"}]},{\"@type\":\"WebSite\",\"@id\":\"https:\\\/\\\/laragrill.es\\\/ca\\\/#website\",\"url\":\"https:\\\/\\\/laragrill.es\\\/ca\\\/\",\"name\":\"Lara Grill - Las mejores burgers y pepitos de Barcelona\",\"description\":\"Comida callejera con un toque gourmet. Los mejores pepitos, batidos y burgers de toda Barcelona. Tenemos la mejor comida food porn de la ciudad.\",\"publisher\":{\"@id\":\"https:\\\/\\\/laragrill.es\\\/ca\\\/#organization\"},\"potentialAction\":[{\"@type\":\"SearchAction\",\"target\":{\"@type\":\"EntryPoint\",\"urlTemplate\":\"https:\\\/\\\/laragrill.es\\\/ca\\\/?s={search_term_string}\"},\"query-input\":{\"@type\":\"PropertyValueSpecification\",\"valueRequired\":true,\"valueName\":\"search_term_string\"}}],\"inLanguage\":\"ca\"},{\"@type\":\"Organization\",\"@id\":\"https:\\\/\\\/laragrill.es\\\/ca\\\/#organization\",\"name\":\"Lara Grill - Las mejores burgers y pepitos de Barcelona\",\"url\":\"https:\\\/\\\/laragrill.es\\\/ca\\\/\",\"logo\":{\"@type\":\"ImageObject\",\"inLanguage\":\"ca\",\"@id\":\"https:\\\/\\\/laragrill.es\\\/ca\\\/#\\\/schema\\\/logo\\\/image\\\/\",\"url\":\"https:\\\/\\\/laragrill.es\\\/wp-content\\\/uploads\\\/2026\\\/03\\\/Logo-laragrill-web.svg\",\"contentUrl\":\"https:\\\/\\\/laragrill.es\\\/wp-content\\\/uploads\\\/2026\\\/03\\\/Logo-laragrill-web.svg\",\"width\":287,\"height\":42,\"caption\":\"Lara Grill - Las mejores burgers y pepitos de Barcelona\"},\"image\":{\"@id\":\"https:\\\/\\\/laragrill.es\\\/ca\\\/#\\\/schema\\\/logo\\\/image\\\/\"}}]}<\/script>\n<!-- \/ Yoast SEO plugin. -->","yoast_head_json":{"title":"Av\u00eds Legal - Lara Grill - Las mejores burgers y pepitos de Barcelona","robots":{"index":"index","follow":"follow","max-snippet":"max-snippet:-1","max-image-preview":"max-image-preview:large","max-video-preview":"max-video-preview:-1"},"canonical":"https:\/\/laragrill.es\/ca\/aviso-legal\/","og_locale":"ca_ES","og_type":"article","og_title":"Av\u00eds Legal - Lara Grill - Las mejores burgers y pepitos de Barcelona","og_description":"AV\u00cdS LEGAL LLEI DE SERVEIS DE LA SOCIETAT DE LA INFORMACI\u00d3 I DE COMER\u00c7 ELECTR\u00d2NIC En compliment del que disposa l\u2019article 10 de la Llei 34\/2002, d\u201911 de juliol, de Serveis de la Societat de la Informaci\u00f3 (L.S.S.I.), es dona a con\u00e8ixer la seg\u00fcent Informaci\u00f3 General: DOMINIS Que els dominis seg\u00fcents, d\u2019ara endavant el Lloc [&hellip;]","og_url":"https:\/\/laragrill.es\/ca\/aviso-legal\/","og_site_name":"Lara Grill - Las mejores burgers y pepitos de Barcelona","article_modified_time":"2025-10-15T20:47:05+00:00","twitter_card":"summary_large_image","twitter_misc":{"Temps estimat de lectura":"5 minuts"},"schema":{"@context":"https:\/\/schema.org","@graph":[{"@type":"WebPage","@id":"https:\/\/laragrill.es\/ca\/aviso-legal\/","url":"https:\/\/laragrill.es\/ca\/aviso-legal\/","name":"Av\u00eds Legal - Lara Grill - Las mejores burgers y pepitos de Barcelona","isPartOf":{"@id":"https:\/\/laragrill.es\/ca\/#website"},"datePublished":"2025-10-15T07:53:28+00:00","dateModified":"2025-10-15T20:47:05+00:00","breadcrumb":{"@id":"https:\/\/laragrill.es\/ca\/aviso-legal\/#breadcrumb"},"inLanguage":"ca","potentialAction":[{"@type":"ReadAction","target":["https:\/\/laragrill.es\/ca\/aviso-legal\/"]}]},{"@type":"BreadcrumbList","@id":"https:\/\/laragrill.es\/ca\/aviso-legal\/#breadcrumb","itemListElement":[{"@type":"ListItem","position":1,"name":"Portada","item":"https:\/\/laragrill.es\/ca\/"},{"@type":"ListItem","position":2,"name":"Av\u00eds Legal"}]},{"@type":"WebSite","@id":"https:\/\/laragrill.es\/ca\/#website","url":"https:\/\/laragrill.es\/ca\/","name":"Lara Grill - Las mejores burgers y pepitos de Barcelona","description":"Comida callejera con un toque gourmet. Los mejores pepitos, batidos y burgers de toda Barcelona. Tenemos la mejor comida food porn de la ciudad.","publisher":{"@id":"https:\/\/laragrill.es\/ca\/#organization"},"potentialAction":[{"@type":"SearchAction","target":{"@type":"EntryPoint","urlTemplate":"https:\/\/laragrill.es\/ca\/?s={search_term_string}"},"query-input":{"@type":"PropertyValueSpecification","valueRequired":true,"valueName":"search_term_string"}}],"inLanguage":"ca"},{"@type":"Organization","@id":"https:\/\/laragrill.es\/ca\/#organization","name":"Lara Grill - Las mejores burgers y pepitos de Barcelona","url":"https:\/\/laragrill.es\/ca\/","logo":{"@type":"ImageObject","inLanguage":"ca","@id":"https:\/\/laragrill.es\/ca\/#\/schema\/logo\/image\/","url":"https:\/\/laragrill.es\/wp-content\/uploads\/2026\/03\/Logo-laragrill-web.svg","contentUrl":"https:\/\/laragrill.es\/wp-content\/uploads\/2026\/03\/Logo-laragrill-web.svg","width":287,"height":42,"caption":"Lara Grill - Las mejores burgers y pepitos de Barcelona"},"image":{"@id":"https:\/\/laragrill.es\/ca\/#\/schema\/logo\/image\/"}}]}},"_links":{"self":[{"href":"https:\/\/laragrill.es\/ca\/wp-json\/wp\/v2\/pages\/11689","targetHints":{"allow":["GET"]}}],"collection":[{"href":"https:\/\/laragrill.es\/ca\/wp-json\/wp\/v2\/pages"}],"about":[{"href":"https:\/\/laragrill.es\/ca\/wp-json\/wp\/v2\/types\/page"}],"author":[{"embeddable":true,"href":"https:\/\/laragrill.es\/ca\/wp-json\/wp\/v2\/users\/7"}],"replies":[{"embeddable":true,"href":"https:\/\/laragrill.es\/ca\/wp-json\/wp\/v2\/comments?post=11689"}],"version-history":[{"count":7,"href":"https:\/\/laragrill.es\/ca\/wp-json\/wp\/v2\/pages\/11689\/revisions"}],"predecessor-version":[{"id":11781,"href":"https:\/\/laragrill.es\/ca\/wp-json\/wp\/v2\/pages\/11689\/revisions\/11781"}],"wp:attachment":[{"href":"https:\/\/laragrill.es\/ca\/wp-json\/wp\/v2\/media?parent=11689"}],"curies":[{"name":"wp","href":"https:\/\/api.w.org\/{rel}","templated":true}]}}